{"id":2121,"date":"2024-07-05T00:03:36","date_gmt":"2024-07-05T00:03:36","guid":{"rendered":"https:\/\/blank.net.do\/globalmedica\/product\/carescape-b450-850-carescape-one\/"},"modified":"2024-07-08T09:53:58","modified_gmt":"2024-07-08T09:53:58","slug":"carescape-b450-850-carescape-one","status":"publish","type":"product","link":"https:\/\/blank.net.do\/globalmedica\/es\/product\/carescape-b450-850-carescape-one\/","title":{"rendered":"Carescape B450\/850\/Carescape one"},"content":{"rendered":"<section id=\"monitores-b105pm\" class=\"ge-module ge-rtf-callout\">\n<div class=\"ge-module__container\" data-analytics-link-name=\"Monitores CARESCAPE\">\n<h2 class=\"ge-module__title\">Monitores CARESCAPE<\/h2>\n<div class=\"ge-rtf-callout__teaser ge-rtf-module\">Monitorizaci\u00f3n precisa para una atenci\u00f3n individualizada. Portafolio de soluciones avanzadas, flexibles y escalables que lo ayudan a responder a los cambios en las m\u00e1s diversas condiciones del hospital, ya sea al lado de la cama o en el transporte intrahospitalario. Con par\u00e1metros robustos y herramientas \u00fanicas, son altamente personalizables para poder individualizar con precisi\u00f3n la atenci\u00f3n al paciente. La l\u00ednea CARESCAPE tiene una arquitectura abierta y se integra f\u00e1cilmente con la infraestructura local.<\/div>\n<\/div>\n<\/section>\n<section id=\"alta-gravedad\" class=\"product-listing\">\n<div class=\"product-listing__items\">\n<div class=\"mdc-layout-grid\">\n<div class=\"mdc-layout-grid__inner\">\n<div class=\"mdc-layout-grid__cell mdc-layout-grid__cell--span-12-desktop mdc-layout-grid__cell--span-8-tablet mdc-layout-grid__cell--span-4-phone\">\n<div class=\"product-listing-item__image-wrapper\"><\/div>\n<h2 class=\"ge-h2 product-listing-item__title\" role=\"heading\">Monitor CARESCAPE ONE<\/h2>\n<div class=\"product-listing-item__description\">El monitor de transporte CARESCAPE\u2122 ONE permite el uso del mismo monitor estandarizado para todas las necesidades de transporte intrahospitalarios.<\/div>\n<div class=\"product-listing-item__image-wrapper\"><\/div>\n<h2 class=\"ge-h2 product-listing-item__title\" role=\"heading\">Monitor CARESCAPE B850<\/h2>\n<div class=\"product-listing-item__description\">\n<p>El monitor CARESCAPE<sup>\u2122<\/sup>\u00a0B850, cl\u00ednicamente avanzado y altamente configurable, lo ayuda a mantenerse a la vanguardia con herramientas cl\u00ednicas que satisfacen las necesidades de los pacientes m\u00e1s cr\u00edticos.<\/p>\n<\/div>\n<div class=\"product-listing-item__image-wrapper\"><\/div>\n<h2 class=\"ge-h2 product-listing-item__title\" role=\"heading\">Monitor CARESCAPE\u2122 B450<\/h2>\n<div class=\"product-listing-item__description\">\n<p>El dise\u00f1o simple del monitor CARESCAPE\u2122\u00a0B450 es lo suficientemente robusto como para satisfacer una amplia gama de necesidades de atenci\u00f3n al paciente y su tama\u00f1o compacto le permite viajar f\u00e1cilmente por todo su hospital.<\/p>\n<\/div>\n<div class=\"product-listing-item__image-wrapper\"><\/div>\n<h2 class=\"ge-h2 product-listing-item__title\" role=\"heading\">Monitor Carescape\u2122\u00a0B650<\/h2>\n<div class=\"product-listing-item__description\">\n<p>Administre el flujo de pacientes con el monitor de agudeza media eficiente y ergon\u00f3mico que le brinda la informaci\u00f3n cl\u00ednica correcta, cuando y donde la necesite.<\/p>\n<\/div>\n<\/div>\n<\/div>\n<\/div>\n<\/div>\n<\/section>\n<section id=\"monitores-b105,-b125-y-b155\" class=\"ge-module ge-rtf-callout\">\n<div class=\"ge-module__container\" data-analytics-link-name=\"Monitores B105P\/M, B125P\/M y B155M\">\n<h2 class=\"ge-module__title\">Monitores B105P\/M, B125P\/M y B155M<\/h2>\n<div class=\"ge-rtf-callout__teaser ge-rtf-module\">Mejora su rendimiento. Monitoreo preciso, intuitivo y escalable* a un costo beneficio excelente. Opciones preconfiguradas y modulares para monitoreo de los signos vitales esenciales y ajuste del flujo de trabajo intuitivo, para una mayor eficiencia. Las opciones modulares son escalables a hasta tres par\u00e1metros avanzados. Los m\u00f3dulos de ambas opciones son compatibles con la l\u00ednea CARESCAPE para una gesti\u00f3n eficiente de alarmas y flujos. Diferentes opciones de tama\u00f1o: L\u00ednea Preconfigurada: 10, 12 pulgadas y L\u00ednea Modular: 10, 12 y 15 pulgadas.<\/p>\n<\/div>\n<\/div>\n<\/section>\n<section id=\"monitores-b105pm-product-listing\" class=\"product-listing\">\n<div class=\"product-listing__items\">\n<div class=\"mdc-layout-grid\">\n<div class=\"mdc-layout-grid__inner\">\n<div class=\"mdc-layout-grid__cell mdc-layout-grid__cell--span-12-desktop mdc-layout-grid__cell--span-8-tablet mdc-layout-grid__cell--span-4-phone\">\n<h2 class=\"ge-h2 product-listing-item__title\" role=\"heading\">Sistemas de monitorizaci\u00f3n de pacientes B105P\/M, B125P\/M y B155M<\/h2>\n<div class=\"product-listing-item__description\">\n<p>La gama de monitores de pacientes B105P\/M, B125P\/M y B155M ofrece un rendimiento excelente para la monitorizaci\u00f3n de pacientes hospitalizados al mismo tiempo que proporciona un valor excepcional. Proporciona datos m\u00e9dicos precisos que impulsan una atenci\u00f3n mejorada para los pacientes en todas las \u00e1reas de atenci\u00f3n.<\/p>\n<\/div>\n<\/div>\n<\/div>\n<\/div>\n<\/div>\n<\/section>\n<p>&nbsp;<\/p>\n<p>&nbsp;<\/p>\n<p><a class=\"elboton\" href=\"https:\/\/latam.gehealthcare.com\/products\/patient-monitoring\/patient-monitors\" target=\"_blank\" rel=\"noopener\">Enlace de la marca<\/a><\/p>\n","protected":false},"excerpt":{"rendered":"<p>GE Healthcare ofrece una l\u00ednea completa de monitores de pacientes para pr\u00e1cticamente todos los entornos de atenci\u00f3n con caracter\u00edsticas inteligentes que est\u00e1n en sinton\u00eda con sus necesidades: precisi\u00f3n cl\u00ednica, flujo de trabajo racionalizado, mejor atenci\u00f3n al paciente y rentabilidad. Los monitores de GE lo conectan con datos cl\u00ednicos precisos y relevantes, cuando y donde los necesite, mientras aprovecha al m\u00e1ximo sus inversiones en equipos existentes.<\/p>\n","protected":false},"featured_media":2206,"comment_status":"open","ping_status":"closed","template":"","meta":[],"product_cat":[46],"product_tag":[],"class_list":{"0":"post-2121","1":"product","2":"type-product","3":"status-publish","4":"has-post-thumbnail","6":"product_cat-monitoreo-de-paciente","8":"first","9":"instock","10":"shipping-taxable","11":"purchasable","12":"product-type-simple"},"_links":{"self":[{"href":"https:\/\/blank.net.do\/globalmedica\/es\/wp-json\/wp\/v2\/product\/2121","targetHints":{"allow":["GET"]}}],"collection":[{"href":"https:\/\/blank.net.do\/globalmedica\/es\/wp-json\/wp\/v2\/product"}],"about":[{"href":"https:\/\/blank.net.do\/globalmedica\/es\/wp-json\/wp\/v2\/types\/product"}],"replies":[{"embeddable":true,"href":"https:\/\/blank.net.do\/globalmedica\/es\/wp-json\/wp\/v2\/comments?post=2121"}],"wp:featuredmedia":[{"embeddable":true,"href":"https:\/\/blank.net.do\/globalmedica\/es\/wp-json\/wp\/v2\/media\/2206"}],"wp:attachment":[{"href":"https:\/\/blank.net.do\/globalmedica\/es\/wp-json\/wp\/v2\/media?parent=2121"}],"wp:term":[{"taxonomy":"product_cat","embeddable":true,"href":"https:\/\/blank.net.do\/globalmedica\/es\/wp-json\/wp\/v2\/product_cat?post=2121"},{"taxonomy":"product_tag","embeddable":true,"href":"https:\/\/blank.net.do\/globalmedica\/es\/wp-json\/wp\/v2\/product_tag?post=2121"}],"curies":[{"name":"wp","href":"https:\/\/api.w.org\/{rel}","templated":true}]}}