{"id":2139,"date":"2024-07-05T00:03:43","date_gmt":"2024-07-05T00:03:43","guid":{"rendered":"https:\/\/blank.net.do\/globalmedica\/product\/centricity-universal-viewer-pacs\/"},"modified":"2024-07-08T10:44:43","modified_gmt":"2024-07-08T10:44:43","slug":"centricity-universal-viewer-pacs","status":"publish","type":"product","link":"https:\/\/blank.net.do\/globalmedica\/es\/product\/centricity-universal-viewer-pacs\/","title":{"rendered":"Centricity\u2122 Universal Viewer PACS"},"content":{"rendered":"<div id=\"\" class=\"ge-generic-module\">\n<div class=\"ge-generic-module__wrapper ge-generic-module__wrapper--image-left\">\n<div class=\"ge-generic-module-content\" data-analytics-link-name=\"Obtenga informaci\u00f3n de sus compa\u00f1eros\">\n<div>\n<h2 class=\"ge-h2 ge-generic-module-content__title\" role=\"heading\">Obtenga informaci\u00f3n de sus compa\u00f1eros<\/h2>\n<div class=\"ge-generic-module-content__description\">Descubra c\u00f3mo Centricity\u2122 Universal Viewer ha ayudado a HELIMED Diagnostic Imaging a conseguir una\u00a0<strong>mejora del 40\u00a0%<\/strong> en la eficiencia del flujo de trabajo.<\/div>\n<\/div>\n<\/div>\n<\/div>\n<\/div>\n<section id=\"\" class=\"ge-module ge-rtf-callout\">\n<div class=\"ge-module__container\" data-analytics-link-name=\"Principales resultados cl\u00ednicos, inform\u00e1ticos y de gesti\u00f3n\">\n<h2 class=\"ge-module__title\">Principales resultados cl\u00ednicos, inform\u00e1ticos y de gesti\u00f3n<\/h2>\n<div class=\"ge-rtf-callout__teaser ge-rtf-module\">\n<div class=\"ge-rtf__columnize\">\n<div class=\"column\">\n<h3>Ventajas en la gesti\u00f3n<\/h3>\n<p>Mejora de la utilizaci\u00f3n del personal en toda la red sanitaria<\/p>\n<p>Aumento de la satisfacci\u00f3n de los m\u00e9dicos y los especialistas<\/p>\n<p>Reducci\u00f3n de la duraci\u00f3n de la estancia gracias al acceso desde cualquier lugar y en cualquier momento<\/p>\n<\/div>\n<div class=\"column\">\n<h3>Ventajas cl\u00ednicas<\/h3>\n<p>Mejora del diagn\u00f3stico con acceso a m\u00e1s datos web-based<\/p>\n<p>Disminuci\u00f3n de la duraci\u00f3n de los ciclos de los procedimientos<\/p>\n<p>Capacidad para trabajar con el software PACS desde cualquier sitio<\/p>\n<\/div>\n<div class=\"column\">\n<h3>Ventajas inform\u00e1ticas<\/h3>\n<p>Costes de TI para la atenci\u00f3n sanitaria inferiores con una soluci\u00f3n combinada<\/p>\n<p>Reducci\u00f3n del almacenamiento<\/p>\n<p>Impacto menor de las tareas de implementaci\u00f3n y mantenimiento<\/p>\n<\/div>\n<\/div>\n<\/div>\n<\/div>\n<\/section>\n<section id=\"\" class=\"ge-module ge-content-module theme-brand\">\n<div class=\"ge-module__container\">\n<div class=\"rah-static rah-static--height-auto\" aria-hidden=\"false\">\n<div>\n<div class=\"ge-rtf ge-rtf-module ge-content-module__description-wrapper\">\n<div class=\"ge-rtf__columnize\">\n<div class=\"column\">\n<h2>Caracter\u00edsticas de la nueva generaci\u00f3n de PACS<\/h2>\n<h3>Centricity Universal Viewer ofrece:<\/h3>\n<\/div>\n<div class=\"column\">\n<p><strong>Herramientas de productividad inteligente,<\/strong>\u00a0incluidos los protocolos de lectura inteligente. Los protocolos de lectura inteligente (SRP) suponen una forma diferente para los radi\u00f3logos de crear protocolos de clasificaci\u00f3n y mejorar la eficacia de la configuraci\u00f3n de im\u00e1genes en el departamento de radiolog\u00eda.<\/p>\n<p><strong>Aplicaciones de adquisici\u00f3n de im\u00e1genes de visualizaci\u00f3n avanzada,<\/strong>\u00a0que proporcionan una fuente \u00fanica para aplicaciones de posprocesamiento de MIP\/MPR, PET-TC, an\u00e1lisis vascular, eliminaci\u00f3n automatizada de huesos, registro integrado, cuantificaci\u00f3n oncol\u00f3gica y mucho m\u00e1s.<\/p>\n<p><strong>Aplicaci\u00f3n de flujo de trabajo avanzado de mamograf\u00eda<\/strong>, que reduce la necesidad de mantener una estaci\u00f3n de trabajo independiente y separada para el cuidado del paciente. Ofrece funciones de cribado y diagn\u00f3stico, flujos de trabajo de varias modalidades con adquisici\u00f3n de im\u00e1genes digitales, incluida la tomograf\u00eda digital de mama (TMD).<\/p>\n<p><strong>Cross Enterprise Display<\/strong>\u00a0dota a las unidades de radiolog\u00eda de acceso ininterrumpido a los datos de imagen de los historiales de los pacientes en las instituciones afiliadas que proporcionan acceso. Las im\u00e1genes se pueden transmitir desde un PACS o VNA de GE Healthcare o de terceros.<\/p>\n<p><strong>Las herramientas avanzadas de cardiolog\u00eda<\/strong>\u00a0ofrecen herramientas avanzadas de visualizaci\u00f3n y cuantificaci\u00f3n para cardiolog\u00eda, incluida una fuente \u00fanica basada en web para an\u00e1lisis coronarios y vasculares, an\u00e1lisis de volumen, mediciones ecogr\u00e1ficas y pruebas como visualizaci\u00f3n en 3D y 4D o deformaci\u00f3n 2D, as\u00ed como herramientas de medici\u00f3n avanzadas para procedimientos de cateterismo.<\/p>\n<p><strong>Acceso desde cualquier lugar\u00b9.<\/strong> Con un visor web-based, los radi\u00f3logos y los cardi\u00f3logos pueden trabajar desde cualquier lugar, lo que permite la colaboraci\u00f3n cl\u00ednica a trav\u00e9s de una pantalla de un dispositivo m\u00f3vil.<\/p>\n<\/div>\n<\/div>\n<\/div>\n<\/div>\n<\/div>\n<\/div>\n<\/section>\n<section id=\"cuv_callout\" class=\"ge-module ge-rtf-callout\">\n<div class=\"ge-module__container\" data-analytics-link-name=\"\">\n<div class=\"ge-rtf-callout__teaser ge-rtf-module\">\n<div class=\"ge-rtf__columnize\">\n<div class=\"column\">\n<h3>Centricity\u2122 Universal Viewer con capacidades para cardiolog\u00eda<\/h3>\n<p>Centricity Universal Viewer ofrece herramientas avanzadas de visualizaci\u00f3n y cuantificaci\u00f3n para cardiolog\u00eda, incluida una fuente \u00fanica web-based para an\u00e1lisis coronario y vascular, an\u00e1lisis de volumen, mediciones ecogr\u00e1ficas y pruebas como visualizaci\u00f3n de imagen en 3D y 4D o deformaci\u00f3n 2D, as\u00ed como herramientas de medici\u00f3n avanzadas para procedimientos de cateterismo.<\/p>\n<\/div>\n<div class=\"column\">\n<h3>Centricity\u2122 Universal Viewer con visualizaci\u00f3n avanzada<\/h3>\n<p>A diferencia de los distintos software PACS y sistemas 3D, Centricity Universal Viewer ayuda a aumentar la eficiencia a trav\u00e9s de la simplificaci\u00f3n del acceso a la informaci\u00f3n con un \u00fanico repositorio de im\u00e1genes de estudios 2D y 3D, lo que hace posible flujos de trabajo hol\u00edsticos para oncolog\u00eda y otras especialidades cl\u00ednicas, con acceso sencillo a los ex\u00e1menes anteriores.<\/p>\n<p>Las aplicaciones avanzadas integradas reducen la necesidad de iniciar sesi\u00f3n en varias aplicaciones y de recuperar im\u00e1genes cl\u00ednicas para compararlas en sistemas PACS individuales de menor tama\u00f1o, lo que permite a los radi\u00f3logos y a los m\u00e9dicos consultar los ex\u00e1menes de una forma m\u00e1s eficiente.<\/p>\n<\/div>\n<\/div>\n<div class=\"ge-rtf__columnize\">\n<div class=\"column\">\n<h3>Centricity\u2122 Universal Viewer versi\u00f3n 100<\/h3>\n<p>Centricity\u2122 Universal Viewer versi\u00f3n 100 est\u00e1 dise\u00f1ado para centros peque\u00f1os con recursos de TI limitados. Se trata de una soluci\u00f3n PACS web-based y lista para su uso dise\u00f1ada para visualizar, almacenar y distribuir im\u00e1genes. Se incluyen todas las funciones habituales de Centricity Universal Viewer, sin embargo, ciertos m\u00f3dulos, como Cross Enterprise Display y Advanced Cardiology, solo est\u00e1n disponibles en la edici\u00f3n Enterprise.<\/p>\n<\/div>\n<div class=\"column\">\n<h3>Zero Footprint (ZFP) para Centricity\u2122 Universal Viewer<\/h3>\n<p>Zero Footprint (ZFP) para Centricity\u2122 Universal Viewer conecta herramientas de diagn\u00f3stico avanzadas y plataformas de gesti\u00f3n de im\u00e1genes de todo el sistema en todo el proceso de cuidados para ayudar a las organizaciones sanitarias a mejorar la velocidad y la confianza en el diagn\u00f3stico.<\/p>\n<\/div>\n<\/div>\n<\/div>\n<\/div>\n<\/section>\n","protected":false},"excerpt":{"rendered":"<p><span aria-label=\"Next-gen Picture Archiving &amp; Communication System (PACS)\"><span aria-hidden=\"true\">Next-gen Picture Archiving &amp; Communication System (PACS)<\/span><\/span><\/p>\n<p>Con un \u00fanico repositorio de im\u00e1genes de estudios 2D y 3D, Centricity Universal Viewer a\u00fana de forma intuitiva las herramientas de adquisici\u00f3n de im\u00e1genes que necesitan radi\u00f3logos, cardi\u00f3logos y otros especialistas para proporcionar acceso en todo el centro a im\u00e1genes cl\u00ednicas desde un \u00fanico escritorio.<\/p>\n","protected":false},"featured_media":2224,"comment_status":"open","ping_status":"closed","template":"","meta":[],"product_cat":[50],"product_tag":[],"class_list":{"0":"post-2139","1":"product","2":"type-product","3":"status-publish","4":"has-post-thumbnail","6":"product_cat-pacs-ris","8":"first","9":"instock","10":"shipping-taxable","11":"purchasable","12":"product-type-simple"},"_links":{"self":[{"href":"https:\/\/blank.net.do\/globalmedica\/es\/wp-json\/wp\/v2\/product\/2139","targetHints":{"allow":["GET"]}}],"collection":[{"href":"https:\/\/blank.net.do\/globalmedica\/es\/wp-json\/wp\/v2\/product"}],"about":[{"href":"https:\/\/blank.net.do\/globalmedica\/es\/wp-json\/wp\/v2\/types\/product"}],"replies":[{"embeddable":true,"href":"https:\/\/blank.net.do\/globalmedica\/es\/wp-json\/wp\/v2\/comments?post=2139"}],"wp:featuredmedia":[{"embeddable":true,"href":"https:\/\/blank.net.do\/globalmedica\/es\/wp-json\/wp\/v2\/media\/2224"}],"wp:attachment":[{"href":"https:\/\/blank.net.do\/globalmedica\/es\/wp-json\/wp\/v2\/media?parent=2139"}],"wp:term":[{"taxonomy":"product_cat","embeddable":true,"href":"https:\/\/blank.net.do\/globalmedica\/es\/wp-json\/wp\/v2\/product_cat?post=2139"},{"taxonomy":"product_tag","embeddable":true,"href":"https:\/\/blank.net.do\/globalmedica\/es\/wp-json\/wp\/v2\/product_tag?post=2139"}],"curies":[{"name":"wp","href":"https:\/\/api.w.org\/{rel}","templated":true}]}}