{"id":2140,"date":"2024-07-05T00:03:44","date_gmt":"2024-07-05T00:03:44","guid":{"rendered":"https:\/\/blank.net.do\/globalmedica\/product\/infosalud\/"},"modified":"2024-07-08T10:47:24","modified_gmt":"2024-07-08T10:47:24","slug":"infosalud","status":"publish","type":"product","link":"https:\/\/blank.net.do\/globalmedica\/es\/product\/infosalud\/","title":{"rendered":"Infosalud"},"content":{"rendered":"<div id=\"comp-kf31ipw7\" class=\"comp-kf31ipw7 YzqVVZ wixui-column-strip__column\">\n<div class=\"\" data-mesh-id=\"comp-kf31ipw7inlineContent\" data-testid=\"inline-content\">\n<div data-mesh-id=\"comp-kf31ipw7inlineContent-gridContainer\" data-testid=\"mesh-container-content\">\n<div id=\"comp-kf31ipwc\" class=\"HcOXKn SxM0TO QxJLC3 comp-kf31ipwc wixui-rich-text\" data-testid=\"richTextElement\" data-motion-enter=\"done\">\n<p class=\"font_2 wixui-rich-text__text\"><span style=\"font-size: 16px;\">El Sistema de Informaci\u00f3n Hospitalaria INFOSALUD est\u00e1 dise\u00f1ado para gestionar todas las \u00e1reas funcionales del hospital con el fin de mejorar la atenci\u00f3n al paciente. El sistema registra todos los procesos de atenci\u00f3n al paciente dentro de las \u00e1reas administrativa y m\u00e9dica incorporando un Registro M\u00e9dico Electr\u00f3nico EMESALUD. Permite la gesti\u00f3n integral de todos los servicios, para mantener centralizada y accesible toda la informaci\u00f3n m\u00e9dica y administrativa de un paciente. Tambi\u00e9n optimiza los recursos y los procesos hospitalarios permitiendo una r\u00e1pida reorganizaci\u00f3n y redirecci\u00f3n de recursos. Adherido a las normas mexicanas NOM004-SSA3-2012 y NOM024-SSA3-2012 sobre Historia Cl\u00ednica Electr\u00f3nica.<\/span><\/p>\n<\/div>\n<\/div>\n<\/div>\n<\/div>\n<div id=\"comp-kf31ipww\" class=\"comp-kf31ipww YzqVVZ wixui-column-strip__column\">\n<p id=\"bgLayers_comp-kf31ipww\" class=\"MW5IWV\" data-hook=\"bgLayers\" data-motion-part=\"BG_LAYER\">\n<\/div>\n","protected":false},"excerpt":{"rendered":"<p>CRM<\/p>\n","protected":false},"featured_media":2225,"comment_status":"open","ping_status":"closed","template":"","meta":[],"product_cat":[51],"product_tag":[],"class_list":{"0":"post-2140","1":"product","2":"type-product","3":"status-publish","4":"has-post-thumbnail","6":"product_cat-sistema-de-informacion-hospitalaria","8":"first","9":"instock","10":"shipping-taxable","11":"purchasable","12":"product-type-simple"},"_links":{"self":[{"href":"https:\/\/blank.net.do\/globalmedica\/es\/wp-json\/wp\/v2\/product\/2140","targetHints":{"allow":["GET"]}}],"collection":[{"href":"https:\/\/blank.net.do\/globalmedica\/es\/wp-json\/wp\/v2\/product"}],"about":[{"href":"https:\/\/blank.net.do\/globalmedica\/es\/wp-json\/wp\/v2\/types\/product"}],"replies":[{"embeddable":true,"href":"https:\/\/blank.net.do\/globalmedica\/es\/wp-json\/wp\/v2\/comments?post=2140"}],"wp:featuredmedia":[{"embeddable":true,"href":"https:\/\/blank.net.do\/globalmedica\/es\/wp-json\/wp\/v2\/media\/2225"}],"wp:attachment":[{"href":"https:\/\/blank.net.do\/globalmedica\/es\/wp-json\/wp\/v2\/media?parent=2140"}],"wp:term":[{"taxonomy":"product_cat","embeddable":true,"href":"https:\/\/blank.net.do\/globalmedica\/es\/wp-json\/wp\/v2\/product_cat?post=2140"},{"taxonomy":"product_tag","embeddable":true,"href":"https:\/\/blank.net.do\/globalmedica\/es\/wp-json\/wp\/v2\/product_tag?post=2140"}],"curies":[{"name":"wp","href":"https:\/\/api.w.org\/{rel}","templated":true}]}}