{"id":2141,"date":"2024-07-05T00:03:44","date_gmt":"2024-07-05T00:03:44","guid":{"rendered":"https:\/\/blank.net.do\/globalmedica\/product\/omnipaque\/"},"modified":"2025-01-28T08:28:15","modified_gmt":"2025-01-28T08:28:15","slug":"omnipaque","status":"publish","type":"product","link":"https:\/\/blank.net.do\/globalmedica\/es\/product\/omnipaque\/","title":{"rendered":"Omnipaque\u2122 (iohexol)"},"content":{"rendered":"<section id=\"new-pdp-glance\" class=\"pdp-glance theme-grey-100 gehc-padding-top-48 gehc-padding-bottom-48\">\n<div class=\"mdc-layout-grid eds-grid\">\n<div class=\"mdc-layout-grid__inner\">\n<div class=\"mdc-layout-grid__cell mdc-layout-grid__cell--span-3-desktop mdc-layout-grid__cell--span-4-tablet mdc-layout-grid__cell--span-2-phone\">\n<div class=\"pdp-glance-item\">\n<p><span style=\"font-weight: 400;\">\u00a0<\/span><b>Omnipaque\u2122<\/b><span style=\"font-weight: 400;\"> (iohexol) es un medio de contraste yodado de baja osmolaridad ampliamente utilizado. Est\u00e1 indicado para diversas aplicaciones m\u00e9dicas, incluyendo:<\/span><\/p>\n<ul>\n<li style=\"font-weight: 400;\" aria-level=\"1\"><span style=\"font-weight: 400;\">Uso intravenoso e intraarterial<\/span><\/li>\n<li style=\"font-weight: 400;\" aria-level=\"1\"><span style=\"font-weight: 400;\">Administraci\u00f3n intratecal e intraarticular<\/span><\/li>\n<li style=\"font-weight: 400;\" aria-level=\"1\"><span style=\"font-weight: 400;\">Exploraciones en cavidades corporales y v\u00eda oral<\/span><\/li>\n<\/ul>\n<\/div>\n<\/div>\n<\/div>\n<\/div>\n<\/section>\n","protected":false},"excerpt":{"rendered":"<p>\u00a0Omnipaque\u2122 (iohexol) es un medio de contraste yodado de baja osmolaridad ampliamente utilizado. Est\u00e1 indicado para diversas aplicaciones m\u00e9dicas, incluyendo: Uso intravenoso e intraarterial Administraci\u00f3n intratecal e intraarticular Exploraciones en cavidades corporales y v\u00eda oral<\/p>\n","protected":false},"featured_media":2828,"comment_status":"open","ping_status":"closed","template":"","meta":[],"product_cat":[52],"product_tag":[],"class_list":{"0":"post-2141","1":"product","2":"type-product","3":"status-publish","4":"has-post-thumbnail","6":"product_cat-medios-de-contraste","8":"first","9":"instock","10":"shipping-taxable","11":"purchasable","12":"product-type-simple"},"_links":{"self":[{"href":"https:\/\/blank.net.do\/globalmedica\/es\/wp-json\/wp\/v2\/product\/2141","targetHints":{"allow":["GET"]}}],"collection":[{"href":"https:\/\/blank.net.do\/globalmedica\/es\/wp-json\/wp\/v2\/product"}],"about":[{"href":"https:\/\/blank.net.do\/globalmedica\/es\/wp-json\/wp\/v2\/types\/product"}],"replies":[{"embeddable":true,"href":"https:\/\/blank.net.do\/globalmedica\/es\/wp-json\/wp\/v2\/comments?post=2141"}],"wp:featuredmedia":[{"embeddable":true,"href":"https:\/\/blank.net.do\/globalmedica\/es\/wp-json\/wp\/v2\/media\/2828"}],"wp:attachment":[{"href":"https:\/\/blank.net.do\/globalmedica\/es\/wp-json\/wp\/v2\/media?parent=2141"}],"wp:term":[{"taxonomy":"product_cat","embeddable":true,"href":"https:\/\/blank.net.do\/globalmedica\/es\/wp-json\/wp\/v2\/product_cat?post=2141"},{"taxonomy":"product_tag","embeddable":true,"href":"https:\/\/blank.net.do\/globalmedica\/es\/wp-json\/wp\/v2\/product_tag?post=2141"}],"curies":[{"name":"wp","href":"https:\/\/api.w.org\/{rel}","templated":true}]}}