{"id":2142,"date":"2024-07-05T00:03:44","date_gmt":"2024-07-05T00:03:44","guid":{"rendered":"https:\/\/blank.net.do\/globalmedica\/product\/visipaque\/"},"modified":"2025-01-28T08:28:49","modified_gmt":"2025-01-28T08:28:49","slug":"visipaque","status":"publish","type":"product","link":"https:\/\/blank.net.do\/globalmedica\/es\/product\/visipaque\/","title":{"rendered":"Visipaque (Iodixanol)"},"content":{"rendered":"<p><span style=\"font-weight: 400;\">Es un medio de contraste radiol\u00f3gico para uso diagn\u00f3stico, isosmolar (osmolalidad igual a la sangre), no i\u00f3nico, yodado, dim\u00e9rico y soluble en agua, que puede ser utilizado en la radiolog\u00eda y en la hemodin\u00e1mica.<\/span><\/p>\n","protected":false},"excerpt":{"rendered":"<p>Es un medio de contraste radiol\u00f3gico para uso diagn\u00f3stico, isosmolar (osmolalidad igual a la sangre), no i\u00f3nico, yodado, dim\u00e9rico y soluble en agua, que puede ser utilizado en la radiolog\u00eda y en la hemodin\u00e1mica.<\/p>\n","protected":false},"featured_media":2829,"comment_status":"open","ping_status":"closed","template":"","meta":[],"product_cat":[52],"product_tag":[],"class_list":{"0":"post-2142","1":"product","2":"type-product","3":"status-publish","4":"has-post-thumbnail","6":"product_cat-medios-de-contraste","8":"first","9":"instock","10":"shipping-taxable","11":"purchasable","12":"product-type-simple"},"_links":{"self":[{"href":"https:\/\/blank.net.do\/globalmedica\/es\/wp-json\/wp\/v2\/product\/2142","targetHints":{"allow":["GET"]}}],"collection":[{"href":"https:\/\/blank.net.do\/globalmedica\/es\/wp-json\/wp\/v2\/product"}],"about":[{"href":"https:\/\/blank.net.do\/globalmedica\/es\/wp-json\/wp\/v2\/types\/product"}],"replies":[{"embeddable":true,"href":"https:\/\/blank.net.do\/globalmedica\/es\/wp-json\/wp\/v2\/comments?post=2142"}],"wp:featuredmedia":[{"embeddable":true,"href":"https:\/\/blank.net.do\/globalmedica\/es\/wp-json\/wp\/v2\/media\/2829"}],"wp:attachment":[{"href":"https:\/\/blank.net.do\/globalmedica\/es\/wp-json\/wp\/v2\/media?parent=2142"}],"wp:term":[{"taxonomy":"product_cat","embeddable":true,"href":"https:\/\/blank.net.do\/globalmedica\/es\/wp-json\/wp\/v2\/product_cat?post=2142"},{"taxonomy":"product_tag","embeddable":true,"href":"https:\/\/blank.net.do\/globalmedica\/es\/wp-json\/wp\/v2\/product_tag?post=2142"}],"curies":[{"name":"wp","href":"https:\/\/api.w.org\/{rel}","templated":true}]}}