{"id":2143,"date":"2024-07-05T00:03:44","date_gmt":"2024-07-05T00:03:44","guid":{"rendered":"https:\/\/blank.net.do\/globalmedica\/product\/omniscan\/"},"modified":"2025-01-28T08:29:27","modified_gmt":"2025-01-28T08:29:27","slug":"omniscan","status":"publish","type":"product","link":"https:\/\/blank.net.do\/globalmedica\/es\/product\/omniscan\/","title":{"rendered":"Omniscan"},"content":{"rendered":"<p><span style=\"font-weight: 400;\">OMNISCAN, a base de gadolinio, mejora la calidad de las im\u00e1genes en resonancia magn\u00e9tica (RM).\u00a0<\/span><\/p>\n<p><span style=\"font-weight: 400;\">Est\u00e1 indicado para uso intravenoso en la visualizaci\u00f3n de lesiones con vascularidad anormal en:<\/span><\/p>\n<ul>\n<li aria-level=\"1\"><b>Cerebro, columna y tejidos asociados<\/b><\/li>\n<\/ul>\n<ul>\n<li aria-level=\"1\"><b>Cavidades tor\u00e1cica, abdominal, p\u00e9lvica y retroperitoneal<\/b><\/li>\n<\/ul>\n<p>&nbsp;<\/p>\n","protected":false},"excerpt":{"rendered":"<p>OMNISCAN, a base de gadolinio, mejora la calidad de las im\u00e1genes en resonancia magn\u00e9tica (RM).\u00a0 Est\u00e1 indicado para uso intravenoso en la visualizaci\u00f3n de lesiones con vascularidad anormal en: Cerebro, columna y tejidos asociados Cavidades tor\u00e1cica, abdominal, p\u00e9lvica y retroperitoneal &nbsp;<\/p>\n","protected":false},"featured_media":2830,"comment_status":"open","ping_status":"closed","template":"","meta":[],"product_cat":[52],"product_tag":[],"class_list":{"0":"post-2143","1":"product","2":"type-product","3":"status-publish","4":"has-post-thumbnail","6":"product_cat-medios-de-contraste","8":"first","9":"instock","10":"shipping-taxable","11":"purchasable","12":"product-type-simple"},"_links":{"self":[{"href":"https:\/\/blank.net.do\/globalmedica\/es\/wp-json\/wp\/v2\/product\/2143","targetHints":{"allow":["GET"]}}],"collection":[{"href":"https:\/\/blank.net.do\/globalmedica\/es\/wp-json\/wp\/v2\/product"}],"about":[{"href":"https:\/\/blank.net.do\/globalmedica\/es\/wp-json\/wp\/v2\/types\/product"}],"replies":[{"embeddable":true,"href":"https:\/\/blank.net.do\/globalmedica\/es\/wp-json\/wp\/v2\/comments?post=2143"}],"wp:featuredmedia":[{"embeddable":true,"href":"https:\/\/blank.net.do\/globalmedica\/es\/wp-json\/wp\/v2\/media\/2830"}],"wp:attachment":[{"href":"https:\/\/blank.net.do\/globalmedica\/es\/wp-json\/wp\/v2\/media?parent=2143"}],"wp:term":[{"taxonomy":"product_cat","embeddable":true,"href":"https:\/\/blank.net.do\/globalmedica\/es\/wp-json\/wp\/v2\/product_cat?post=2143"},{"taxonomy":"product_tag","embeddable":true,"href":"https:\/\/blank.net.do\/globalmedica\/es\/wp-json\/wp\/v2\/product_tag?post=2143"}],"curies":[{"name":"wp","href":"https:\/\/api.w.org\/{rel}","templated":true}]}}