{"id":2144,"date":"2024-07-05T00:03:44","date_gmt":"2024-07-05T00:03:44","guid":{"rendered":"https:\/\/blank.net.do\/globalmedica\/product\/clariscan\/"},"modified":"2025-01-28T08:30:22","modified_gmt":"2025-01-28T08:30:22","slug":"clariscan","status":"publish","type":"product","link":"https:\/\/blank.net.do\/globalmedica\/es\/product\/clariscan\/","title":{"rendered":"Clariscan\u2122 &#8211; Agente de Contraste para Resonancia Magn\u00e9tica"},"content":{"rendered":"<section id=\"pdp-glance\" class=\"pdp-glance theme-grey-100 gehc-padding-top-48 gehc-padding-bottom-48\">\n<div class=\"mdc-layout-grid eds-grid\">\n<div class=\"mdc-layout-grid__inner\">\n<div class=\"mdc-layout-grid__cell mdc-layout-grid__cell--span-3-desktop mdc-layout-grid__cell--span-4-tablet mdc-layout-grid__cell--span-2-phone\">\n<div class=\"pdp-glance-item\">\n<p><span style=\"font-weight: 400;\">Clariscan\u2122 (gadoterato de meglumina) es un agente de contraste macroc\u00edclico a base de gadolinio, desarrollado con la experiencia y calidad de <\/span><b>GE HealthCare<\/b><span style=\"font-weight: 400;\">. Dise\u00f1ado para optimizar la visualizaci\u00f3n en procedimientos de resonancia magn\u00e9tica, Clariscan\u2122 ofrece resultados confiables y precisos en una amplia variedad de indicaciones cl\u00ednicas.<\/span><\/p>\n<\/div>\n<\/div>\n<\/div>\n<\/div>\n<\/section>\n","protected":false},"excerpt":{"rendered":"<p>Clariscan\u2122 (gadoterato de meglumina) es un agente de contraste macroc\u00edclico a base de gadolinio, desarrollado con la experiencia y calidad de GE HealthCare. Dise\u00f1ado para optimizar la visualizaci\u00f3n en procedimientos de resonancia magn\u00e9tica, Clariscan\u2122 ofrece resultados confiables y precisos en una amplia variedad de indicaciones cl\u00ednicas.<\/p>\n","protected":false},"featured_media":2831,"comment_status":"open","ping_status":"closed","template":"","meta":[],"product_cat":[52],"product_tag":[],"class_list":{"0":"post-2144","1":"product","2":"type-product","3":"status-publish","4":"has-post-thumbnail","6":"product_cat-medios-de-contraste","8":"first","9":"instock","10":"shipping-taxable","11":"purchasable","12":"product-type-simple"},"_links":{"self":[{"href":"https:\/\/blank.net.do\/globalmedica\/es\/wp-json\/wp\/v2\/product\/2144","targetHints":{"allow":["GET"]}}],"collection":[{"href":"https:\/\/blank.net.do\/globalmedica\/es\/wp-json\/wp\/v2\/product"}],"about":[{"href":"https:\/\/blank.net.do\/globalmedica\/es\/wp-json\/wp\/v2\/types\/product"}],"replies":[{"embeddable":true,"href":"https:\/\/blank.net.do\/globalmedica\/es\/wp-json\/wp\/v2\/comments?post=2144"}],"wp:featuredmedia":[{"embeddable":true,"href":"https:\/\/blank.net.do\/globalmedica\/es\/wp-json\/wp\/v2\/media\/2831"}],"wp:attachment":[{"href":"https:\/\/blank.net.do\/globalmedica\/es\/wp-json\/wp\/v2\/media?parent=2144"}],"wp:term":[{"taxonomy":"product_cat","embeddable":true,"href":"https:\/\/blank.net.do\/globalmedica\/es\/wp-json\/wp\/v2\/product_cat?post=2144"},{"taxonomy":"product_tag","embeddable":true,"href":"https:\/\/blank.net.do\/globalmedica\/es\/wp-json\/wp\/v2\/product_tag?post=2144"}],"curies":[{"name":"wp","href":"https:\/\/api.w.org\/{rel}","templated":true}]}}