{"id":2145,"date":"2024-07-05T00:03:44","date_gmt":"2024-07-05T00:03:44","guid":{"rendered":"https:\/\/blank.net.do\/globalmedica\/product\/ct-single-smart-shot-alpha\/"},"modified":"2025-01-28T07:58:49","modified_gmt":"2025-01-28T07:58:49","slug":"ct-single-smart-shot-alpha","status":"publish","type":"product","link":"https:\/\/blank.net.do\/globalmedica\/es\/product\/ct-single-smart-shot-alpha\/","title":{"rendered":"CT &#8211; Single Smart Shot Alpha"},"content":{"rendered":"<p><span style=\"font-weight: 400;\">Smart Shot Alpha, un inyector dise\u00f1ado para simplificar el proceso general de inyecci\u00f3n de medios de contraste, sin sacrificar los resultados. M\u00faltiples tama\u00f1os de jeringas, consola compacta, interfaz LCD en color y muchas m\u00e1s mejoras.<\/span><\/p>\n","protected":false},"excerpt":{"rendered":"<h2 class=\"title_page\">Contrast Injector CT<\/h2>\n","protected":false},"featured_media":2230,"comment_status":"open","ping_status":"closed","template":"","meta":[],"product_cat":[53],"product_tag":[],"class_list":{"0":"post-2145","1":"product","2":"type-product","3":"status-publish","4":"has-post-thumbnail","6":"product_cat-inyectores","8":"first","9":"instock","10":"shipping-taxable","11":"purchasable","12":"product-type-simple"},"_links":{"self":[{"href":"https:\/\/blank.net.do\/globalmedica\/es\/wp-json\/wp\/v2\/product\/2145","targetHints":{"allow":["GET"]}}],"collection":[{"href":"https:\/\/blank.net.do\/globalmedica\/es\/wp-json\/wp\/v2\/product"}],"about":[{"href":"https:\/\/blank.net.do\/globalmedica\/es\/wp-json\/wp\/v2\/types\/product"}],"replies":[{"embeddable":true,"href":"https:\/\/blank.net.do\/globalmedica\/es\/wp-json\/wp\/v2\/comments?post=2145"}],"wp:featuredmedia":[{"embeddable":true,"href":"https:\/\/blank.net.do\/globalmedica\/es\/wp-json\/wp\/v2\/media\/2230"}],"wp:attachment":[{"href":"https:\/\/blank.net.do\/globalmedica\/es\/wp-json\/wp\/v2\/media?parent=2145"}],"wp:term":[{"taxonomy":"product_cat","embeddable":true,"href":"https:\/\/blank.net.do\/globalmedica\/es\/wp-json\/wp\/v2\/product_cat?post=2145"},{"taxonomy":"product_tag","embeddable":true,"href":"https:\/\/blank.net.do\/globalmedica\/es\/wp-json\/wp\/v2\/product_tag?post=2145"}],"curies":[{"name":"wp","href":"https:\/\/api.w.org\/{rel}","templated":true}]}}