{"id":2147,"date":"2024-07-05T00:03:45","date_gmt":"2024-07-05T00:03:45","guid":{"rendered":"https:\/\/blank.net.do\/globalmedica\/product\/mr-dual-sonic-shot-7\/"},"modified":"2025-01-28T08:07:40","modified_gmt":"2025-01-28T08:07:40","slug":"mr-dual-sonic-shot-7","status":"publish","type":"product","link":"https:\/\/blank.net.do\/globalmedica\/es\/product\/mr-dual-sonic-shot-7\/","title":{"rendered":"MR &#8211; Dual Sonic Shot 7"},"content":{"rendered":"<p><span style=\"font-weight: 400;\">Ampliaci\u00f3n de las funciones de inyecci\u00f3n de Sonic Shot GX con protocolos calculados del peso corporal, nuevo dise\u00f1o m\u00e1s ergon\u00f3mico, interfaz de usuario actualizada.<\/span><\/p>\n","protected":false},"excerpt":{"rendered":"<p><span style=\"font-weight: 400;\">La plataforma m\u00e1s nueva de inyecci\u00f3n de medios de contraste para resonancia magn\u00e9tica viene con el nuevo Sonic Shot 7.<\/span><\/p>\n","protected":false},"featured_media":2232,"comment_status":"open","ping_status":"closed","template":"","meta":[],"product_cat":[53],"product_tag":[],"class_list":{"0":"post-2147","1":"product","2":"type-product","3":"status-publish","4":"has-post-thumbnail","6":"product_cat-inyectores","8":"first","9":"instock","10":"shipping-taxable","11":"purchasable","12":"product-type-simple"},"_links":{"self":[{"href":"https:\/\/blank.net.do\/globalmedica\/es\/wp-json\/wp\/v2\/product\/2147","targetHints":{"allow":["GET"]}}],"collection":[{"href":"https:\/\/blank.net.do\/globalmedica\/es\/wp-json\/wp\/v2\/product"}],"about":[{"href":"https:\/\/blank.net.do\/globalmedica\/es\/wp-json\/wp\/v2\/types\/product"}],"replies":[{"embeddable":true,"href":"https:\/\/blank.net.do\/globalmedica\/es\/wp-json\/wp\/v2\/comments?post=2147"}],"wp:featuredmedia":[{"embeddable":true,"href":"https:\/\/blank.net.do\/globalmedica\/es\/wp-json\/wp\/v2\/media\/2232"}],"wp:attachment":[{"href":"https:\/\/blank.net.do\/globalmedica\/es\/wp-json\/wp\/v2\/media?parent=2147"}],"wp:term":[{"taxonomy":"product_cat","embeddable":true,"href":"https:\/\/blank.net.do\/globalmedica\/es\/wp-json\/wp\/v2\/product_cat?post=2147"},{"taxonomy":"product_tag","embeddable":true,"href":"https:\/\/blank.net.do\/globalmedica\/es\/wp-json\/wp\/v2\/product_tag?post=2147"}],"curies":[{"name":"wp","href":"https:\/\/api.w.org\/{rel}","templated":true}]}}