{"id":2155,"date":"2024-07-05T00:03:46","date_gmt":"2024-07-05T00:03:46","guid":{"rendered":"https:\/\/blank.net.do\/globalmedica\/product\/mri-audio\/"},"modified":"2025-01-28T01:34:22","modified_gmt":"2025-01-28T01:34:22","slug":"mri-audio","status":"publish","type":"product","link":"https:\/\/blank.net.do\/globalmedica\/es\/product\/mri-audio\/","title":{"rendered":"MRI Audio"},"content":{"rendered":"<div class=\"vc_row wpb_row vc_row-fluid vc_row_visible\">\n<div class=\"wpb_column vc_column_container vc_col-sm-12 text-center\">\n<div class=\"vc_column-inner\">\n<div class=\"wpb_wrapper\">\n<div id=\"el1652121570832-37bcee48-ca4e\" class=\"mb-3 text-center vc_custom_1652207610177\">\n<p><span style=\"font-weight: 400;\">Con MRI Audio, proponemos reinventar la experiencia del paciente durante las resonancias magn\u00e9ticas.<\/span><\/p>\n<h2><span style=\"font-weight: 400;\">\u00a0Escuchar &amp;\u00a0 Relajarse<\/span><\/h2>\n<p><span style=\"font-weight: 400;\">Nuestros sistemas de audio para resonancias magn\u00e9ticas son fundamentales para mejorar la experiencia del paciente. Los auriculares que ofrecemos cuentan con una avanzada tecnolog\u00eda de cancelaci\u00f3n de ruido de 29 decibelios, permitiendo a los pacientes disfrutar de m\u00fasica de alta calidad . Esta combinaci\u00f3n de distracci\u00f3n auditiva ayuda a reducir el estr\u00e9s y la ansiedad asociados con las exploraciones, especialmente en entornos cerrados que pueden generar sensaciones de claustrofobia.<\/span><\/p>\n<h3 class=\"mb-32 pix-sliding-headline-2 font-weight-bold secondary-font pix-waiting pix-animate pix-sliding-text animated\" data-anim-type=\"pix-sliding-text\" data-class=\"secondary-font text-heading-default\"><\/h3>\n<\/div>\n<\/div>\n<\/div>\n<\/div>\n<\/div>\n","protected":false},"excerpt":{"rendered":"<p>Con MRI Audio, proponemos reinventar la experiencia del paciente durante las resonancias magn\u00e9ticas. \u00a0Escuchar &amp;\u00a0 Relajarse Nuestros sistemas de audio para resonancias magn\u00e9ticas son fundamentales para mejorar la experiencia del paciente. Los auriculares que ofrecemos cuentan con una avanzada tecnolog\u00eda de cancelaci\u00f3n de ruido de 29 decibelios, permitiendo a los pacientes disfrutar de m\u00fasica de [&hellip;]<\/p>\n","protected":false},"featured_media":2236,"comment_status":"open","ping_status":"closed","template":"","meta":[],"product_cat":[55],"product_tag":[],"class_list":{"0":"post-2155","1":"product","2":"type-product","3":"status-publish","4":"has-post-thumbnail","6":"product_cat-accesorios-para-resonancia-magnetica","8":"first","9":"instock","10":"shipping-taxable","11":"purchasable","12":"product-type-simple"},"_links":{"self":[{"href":"https:\/\/blank.net.do\/globalmedica\/es\/wp-json\/wp\/v2\/product\/2155","targetHints":{"allow":["GET"]}}],"collection":[{"href":"https:\/\/blank.net.do\/globalmedica\/es\/wp-json\/wp\/v2\/product"}],"about":[{"href":"https:\/\/blank.net.do\/globalmedica\/es\/wp-json\/wp\/v2\/types\/product"}],"replies":[{"embeddable":true,"href":"https:\/\/blank.net.do\/globalmedica\/es\/wp-json\/wp\/v2\/comments?post=2155"}],"wp:featuredmedia":[{"embeddable":true,"href":"https:\/\/blank.net.do\/globalmedica\/es\/wp-json\/wp\/v2\/media\/2236"}],"wp:attachment":[{"href":"https:\/\/blank.net.do\/globalmedica\/es\/wp-json\/wp\/v2\/media?parent=2155"}],"wp:term":[{"taxonomy":"product_cat","embeddable":true,"href":"https:\/\/blank.net.do\/globalmedica\/es\/wp-json\/wp\/v2\/product_cat?post=2155"},{"taxonomy":"product_tag","embeddable":true,"href":"https:\/\/blank.net.do\/globalmedica\/es\/wp-json\/wp\/v2\/product_tag?post=2155"}],"curies":[{"name":"wp","href":"https:\/\/api.w.org\/{rel}","templated":true}]}}