{"id":2612,"date":"2024-10-01T12:48:17","date_gmt":"2024-10-01T12:48:17","guid":{"rendered":"https:\/\/blank.net.do\/globalmedica\/?post_type=product&#038;p=2612"},"modified":"2024-10-09T19:00:46","modified_gmt":"2024-10-09T19:00:46","slug":"cyclotron","status":"publish","type":"product","link":"https:\/\/blank.net.do\/globalmedica\/es\/product\/cyclotron\/","title":{"rendered":"CYCLOTRON"},"content":{"rendered":"<p>Debido a las vidas medias relativamente cortas de los radiois\u00f3topos de PET, es una carrera contrarreloj producir un is\u00f3topo radioactivo, sintetizarlo en un radiof\u00e1rmaco y llevarlo al paciente. Para ir en busca del verdadero descubrimiento con PET, es necesario acceder a un ciclotr\u00f3n y, sin embargo, se consideran la parte m\u00e1s dif\u00edcil y sofisticada de una instalaci\u00f3n de PET. Nuestros ciclotrones tambi\u00e9n est\u00e1n completamente automatizados, por lo que la producci\u00f3n de is\u00f3topos no requiere m\u00e1s de cinco pasos simples de principio a fin. Como resultado, un t\u00e9cnico hospitalario capacitado puede realizar la operaci\u00f3n de rutina, lo que simplifica significativamente la configuraci\u00f3n inicial y la operaci\u00f3n diaria de una instalaci\u00f3n.<\/p>\n<p>&nbsp;<\/p>\n<p><a class=\"elboton\" href=\"https:\/\/www.gehealthcare.com\/products\/molecular-imaging\/nuclear-medicine\/nm-800\">Enlace del suplidor<\/a><\/p>\n","protected":false},"excerpt":{"rendered":"<p>La producci\u00f3n de trazadores y los PET \/ CT van de la mano.<\/p>\n","protected":false},"featured_media":2614,"comment_status":"open","ping_status":"closed","template":"","meta":[],"product_cat":[62],"product_tag":[],"class_list":{"0":"post-2612","1":"product","2":"type-product","3":"status-publish","4":"has-post-thumbnail","6":"product_cat-e-imagen-molecular","8":"first","9":"instock","10":"shipping-taxable","11":"product-type-simple"},"_links":{"self":[{"href":"https:\/\/blank.net.do\/globalmedica\/es\/wp-json\/wp\/v2\/product\/2612","targetHints":{"allow":["GET"]}}],"collection":[{"href":"https:\/\/blank.net.do\/globalmedica\/es\/wp-json\/wp\/v2\/product"}],"about":[{"href":"https:\/\/blank.net.do\/globalmedica\/es\/wp-json\/wp\/v2\/types\/product"}],"replies":[{"embeddable":true,"href":"https:\/\/blank.net.do\/globalmedica\/es\/wp-json\/wp\/v2\/comments?post=2612"}],"wp:featuredmedia":[{"embeddable":true,"href":"https:\/\/blank.net.do\/globalmedica\/es\/wp-json\/wp\/v2\/media\/2614"}],"wp:attachment":[{"href":"https:\/\/blank.net.do\/globalmedica\/es\/wp-json\/wp\/v2\/media?parent=2612"}],"wp:term":[{"taxonomy":"product_cat","embeddable":true,"href":"https:\/\/blank.net.do\/globalmedica\/es\/wp-json\/wp\/v2\/product_cat?post=2612"},{"taxonomy":"product_tag","embeddable":true,"href":"https:\/\/blank.net.do\/globalmedica\/es\/wp-json\/wp\/v2\/product_tag?post=2612"}],"curies":[{"name":"wp","href":"https:\/\/api.w.org\/{rel}","templated":true}]}}