{"id":2615,"date":"2024-10-01T12:52:00","date_gmt":"2024-10-01T12:52:00","guid":{"rendered":"https:\/\/blank.net.do\/globalmedica\/?post_type=product&#038;p=2615"},"modified":"2024-10-09T19:01:48","modified_gmt":"2024-10-09T19:01:48","slug":"pet-ct-discovery-iq-2","status":"publish","type":"product","link":"https:\/\/blank.net.do\/globalmedica\/es\/product\/pet-ct-discovery-iq-2\/","title":{"rendered":"PET\/CT DISCOVERY IQ"},"content":{"rendered":"<p>Discovery \u2122 IQ es el sistema PET \/ CT m\u00e1s utilizado y confiable entre los m\u00e9dicos de todo el mundo. Fue dise\u00f1ado y fabricado para ser un sistema de diagn\u00f3stico escalable y de alto rendimiento con la capacidad de producir una calidad de imagen excepcional con menos dosis.<\/p>\n<p>Lo m\u00e1s importante es que se cre\u00f3 sobre una plataforma destinada a satisfacer y superar sus necesidades cl\u00ednicas a medida que crecen. Para continuar con ese impulso,<br \/>\npresentamos Discovery IQ Gen 2. La pr\u00f3xima generaci\u00f3n en rendimiento de PET \/ CT dedicada a mejorar sus resultados cl\u00ednicos, productividad y rentabilidad.<\/p>\n<p>&nbsp;<\/p>\n<p><a class=\"elboton\" href=\"https:\/\/www.gehealthcare.com\/products\/molecular-imaging\/pet-ct\/discovery-iq-gen-2\">Enlace del suplidor<\/a><\/p>\n","protected":false},"excerpt":{"rendered":"<p>Discovery \u2122 IQ es el sistema PET \/ CT m\u00e1s utilizado y confiable entre los m\u00e9dicos de todo el mundo.<\/p>\n","protected":false},"featured_media":2613,"comment_status":"open","ping_status":"closed","template":"","meta":[],"product_cat":[62],"product_tag":[],"class_list":{"0":"post-2615","1":"product","2":"type-product","3":"status-publish","4":"has-post-thumbnail","6":"product_cat-e-imagen-molecular","8":"first","9":"instock","10":"shipping-taxable","11":"product-type-simple"},"_links":{"self":[{"href":"https:\/\/blank.net.do\/globalmedica\/es\/wp-json\/wp\/v2\/product\/2615","targetHints":{"allow":["GET"]}}],"collection":[{"href":"https:\/\/blank.net.do\/globalmedica\/es\/wp-json\/wp\/v2\/product"}],"about":[{"href":"https:\/\/blank.net.do\/globalmedica\/es\/wp-json\/wp\/v2\/types\/product"}],"replies":[{"embeddable":true,"href":"https:\/\/blank.net.do\/globalmedica\/es\/wp-json\/wp\/v2\/comments?post=2615"}],"wp:featuredmedia":[{"embeddable":true,"href":"https:\/\/blank.net.do\/globalmedica\/es\/wp-json\/wp\/v2\/media\/2613"}],"wp:attachment":[{"href":"https:\/\/blank.net.do\/globalmedica\/es\/wp-json\/wp\/v2\/media?parent=2615"}],"wp:term":[{"taxonomy":"product_cat","embeddable":true,"href":"https:\/\/blank.net.do\/globalmedica\/es\/wp-json\/wp\/v2\/product_cat?post=2615"},{"taxonomy":"product_tag","embeddable":true,"href":"https:\/\/blank.net.do\/globalmedica\/es\/wp-json\/wp\/v2\/product_tag?post=2615"}],"curies":[{"name":"wp","href":"https:\/\/api.w.org\/{rel}","templated":true}]}}