{"id":2626,"date":"2024-10-01T22:35:34","date_gmt":"2024-10-01T22:35:34","guid":{"rendered":"https:\/\/blank.net.do\/globalmedica\/?post_type=product&#038;p=2626"},"modified":"2024-10-11T09:41:02","modified_gmt":"2024-10-11T09:41:02","slug":"b-elite-miniview","status":"publish","type":"product","link":"https:\/\/blank.net.do\/globalmedica\/es\/product\/b-elite-miniview\/","title":{"rendered":"Elite MiniView"},"content":{"rendered":"<p class=\"font_8 wixui-rich-text__text\"><span class=\"wixui-rich-text__text\">GE observ\u00f3 las experiencias diarias de los cirujanos de extremidades e identific\u00f3 formas de ayudarlo a mejorar su flujo de trabajo, comodidad y control con un dise\u00f1o de mini arco en C simplificado. <\/span><\/p>\n<p class=\"font_8 wixui-rich-text__text\"><span class=\"wixui-rich-text__text\">El OEC Elite MiniView puede mejorar su experiencia de mini arco en C permiti\u00e9ndole: <\/span><\/p>\n<ul>\n<li class=\"font_8 wixui-rich-text__text\"><span class=\"wixui-rich-text__text\">Manejar su mini arco en C con una sola mano con velocidad y facilidad <\/span><\/li>\n<li class=\"font_8 wixui-rich-text__text\"><span class=\"wixui-rich-text__text\">Ver im\u00e1genes duales detalladas y de tama\u00f1o completo sin esfuerzo <\/span><\/li>\n<li class=\"font_8 wixui-rich-text__text\"><span class=\"wixui-rich-text__text\">Optimizar la calidad de imagen y la dosis <\/span><\/li>\n<li class=\"font_8 wixui-rich-text__text\"><span class=\"wixui-rich-text__text\">Cuente con su mini C.\u00a0<\/span><\/li>\n<li class=\"font_8 wixui-rich-text__text\"><span class=\"wixui-rich-text__text\">Fiabilidad del brazo para soportar una mayor productividad.<\/span><\/li>\n<\/ul>\n","protected":false},"excerpt":{"rendered":"<p>GE observ\u00f3 las experiencias diarias de los cirujanos de extremidades e identific\u00f3 formas de ayudarlo a mejorar su flujo de trabajo, comodidad y control con un dise\u00f1o de mini arco en C simplificado. El OEC Elite MiniView puede mejorar su experiencia de mini arco en C permiti\u00e9ndole: Manejar su mini arco en C con una [&hellip;]<\/p>\n","protected":false},"featured_media":2627,"comment_status":"open","ping_status":"closed","template":"","meta":[],"product_cat":[29],"product_tag":[],"class_list":{"0":"post-2626","1":"product","2":"type-product","3":"status-publish","4":"has-post-thumbnail","6":"product_cat-g-arco-en-c","8":"first","9":"instock","10":"shipping-taxable","11":"product-type-simple"},"_links":{"self":[{"href":"https:\/\/blank.net.do\/globalmedica\/es\/wp-json\/wp\/v2\/product\/2626","targetHints":{"allow":["GET"]}}],"collection":[{"href":"https:\/\/blank.net.do\/globalmedica\/es\/wp-json\/wp\/v2\/product"}],"about":[{"href":"https:\/\/blank.net.do\/globalmedica\/es\/wp-json\/wp\/v2\/types\/product"}],"replies":[{"embeddable":true,"href":"https:\/\/blank.net.do\/globalmedica\/es\/wp-json\/wp\/v2\/comments?post=2626"}],"wp:featuredmedia":[{"embeddable":true,"href":"https:\/\/blank.net.do\/globalmedica\/es\/wp-json\/wp\/v2\/media\/2627"}],"wp:attachment":[{"href":"https:\/\/blank.net.do\/globalmedica\/es\/wp-json\/wp\/v2\/media?parent=2626"}],"wp:term":[{"taxonomy":"product_cat","embeddable":true,"href":"https:\/\/blank.net.do\/globalmedica\/es\/wp-json\/wp\/v2\/product_cat?post=2626"},{"taxonomy":"product_tag","embeddable":true,"href":"https:\/\/blank.net.do\/globalmedica\/es\/wp-json\/wp\/v2\/product_tag?post=2626"}],"curies":[{"name":"wp","href":"https:\/\/api.w.org\/{rel}","templated":true}]}}