{"id":2815,"date":"2025-01-28T01:20:47","date_gmt":"2025-01-28T01:20:47","guid":{"rendered":"https:\/\/blank.net.do\/globalmedica\/?post_type=product&#038;p=2815"},"modified":"2025-01-28T01:25:34","modified_gmt":"2025-01-28T01:25:34","slug":"3880-monitor-de-signos-vitales","status":"publish","type":"product","link":"https:\/\/blank.net.do\/globalmedica\/es\/product\/3880-monitor-de-signos-vitales\/","title":{"rendered":"3880 Monitor de Signos Vitales"},"content":{"rendered":"<p><span style=\"font-weight: 400;\">Est\u00e1 dise\u00f1ado para adaptarse a los exigentes flujos de trabajo en Resonancia Magn\u00e9tica, el monitor de signos vitales 3880 es delgado, ligero y cuenta con una bater\u00eda de larga duraci\u00f3n.\u00a0Es de f\u00e1cil\u00a0transporte en el entorno de RM sin comprometer la funcionalidad. Un dispositivo compacto que garantiza eficiencia y movilidad en cada intervenci\u00f3n.<\/span><\/p>\n<p><span style=\"font-weight: 400;\">El monitor cuenta con caracter\u00edscas importantes como :<\/span><span style=\"font-weight: 400;\"><br \/>\n<\/span><b>Monitorizaci\u00f3n avanzada<\/b><span style=\"font-weight: 400;\">: NIBP, SpO\u2082, EtCO\u2082 y frecuencia card\u00edaca en tiempo real.<\/span><\/p>\n<p><b>Conectividad inal\u00e1mbrica<\/b><span style=\"font-weight: 400;\">: Integraci\u00f3n con sistemas hospitalarios y transmisi\u00f3n de datos.<\/span><\/p>\n<p><b>Dise\u00f1o seguro y robusto<\/b><span style=\"font-weight: 400;\">: Materiales no magn\u00e9ticos y resistencia para uso intensivo.<\/span><\/p>\n<p>&nbsp;<\/p>\n","protected":false},"excerpt":{"rendered":"<p>Est\u00e1 dise\u00f1ado para adaptarse a los exigentes flujos de trabajo en Resonancia Magn\u00e9tica, el monitor de signos vitales 3880 es delgado, ligero y cuenta con una bater\u00eda de larga duraci\u00f3n.\u00a0Es de f\u00e1cil\u00a0transporte en el entorno de RM sin comprometer la funcionalidad. Un dispositivo compacto que garantiza eficiencia y movilidad en cada intervenci\u00f3n. El monitor cuenta [&hellip;]<\/p>\n","protected":false},"featured_media":2811,"comment_status":"open","ping_status":"closed","template":"","meta":[],"product_cat":[55],"product_tag":[],"class_list":{"0":"post-2815","1":"product","2":"type-product","3":"status-publish","4":"has-post-thumbnail","6":"product_cat-accesorios-para-resonancia-magnetica","8":"first","9":"instock","10":"shipping-taxable","11":"product-type-simple"},"_links":{"self":[{"href":"https:\/\/blank.net.do\/globalmedica\/es\/wp-json\/wp\/v2\/product\/2815","targetHints":{"allow":["GET"]}}],"collection":[{"href":"https:\/\/blank.net.do\/globalmedica\/es\/wp-json\/wp\/v2\/product"}],"about":[{"href":"https:\/\/blank.net.do\/globalmedica\/es\/wp-json\/wp\/v2\/types\/product"}],"replies":[{"embeddable":true,"href":"https:\/\/blank.net.do\/globalmedica\/es\/wp-json\/wp\/v2\/comments?post=2815"}],"wp:featuredmedia":[{"embeddable":true,"href":"https:\/\/blank.net.do\/globalmedica\/es\/wp-json\/wp\/v2\/media\/2811"}],"wp:attachment":[{"href":"https:\/\/blank.net.do\/globalmedica\/es\/wp-json\/wp\/v2\/media?parent=2815"}],"wp:term":[{"taxonomy":"product_cat","embeddable":true,"href":"https:\/\/blank.net.do\/globalmedica\/es\/wp-json\/wp\/v2\/product_cat?post=2815"},{"taxonomy":"product_tag","embeddable":true,"href":"https:\/\/blank.net.do\/globalmedica\/es\/wp-json\/wp\/v2\/product_tag?post=2815"}],"curies":[{"name":"wp","href":"https:\/\/api.w.org\/{rel}","templated":true}]}}