{"id":2816,"date":"2025-01-28T01:20:50","date_gmt":"2025-01-28T01:20:50","guid":{"rendered":"https:\/\/blank.net.do\/globalmedica\/?post_type=product&#038;p=2816"},"modified":"2025-01-28T01:30:05","modified_gmt":"2025-01-28T01:30:05","slug":"3860-bomba-de-infusion-mridium-iv","status":"publish","type":"product","link":"https:\/\/blank.net.do\/globalmedica\/es\/product\/3860-bomba-de-infusion-mridium-iv\/","title":{"rendered":"3860 BOMBA DE INFUSION MRIDIUM IV"},"content":{"rendered":"<p><span style=\"font-weight: 400;\">El sistema de infusi\u00f3n intravenosa MRidium 3860+ MRI est\u00e1 dise\u00f1ado para satisfacer las estrictas necesidades cl\u00ednicas actuales, permitiendo la administraci\u00f3n continua de fluidos y medicaci\u00f3n durante todo el ciclo de atenci\u00f3n en Resonancia Magn\u00e9tica. Su dise\u00f1o no magn\u00e9tico asegura un funcionamiento seguro en campos magn\u00e9ticos extremadamente fuertes, eliminando la necesidad de las soluciones alternativas que requieren las bombas de infusi\u00f3n tradicionales.<\/span><\/p>\n<p><span style=\"font-weight: 400;\">Con MRidium 3860+,\u00a0 se eliminan los riesgos, garantizando seguridad y eficiencia en cada procedimiento.<\/span><\/p>\n<p>&nbsp;<\/p>\n","protected":false},"excerpt":{"rendered":"<p>El sistema de infusi\u00f3n intravenosa MRidium 3860+ MRI est\u00e1 dise\u00f1ado para satisfacer las estrictas necesidades cl\u00ednicas actuales, permitiendo la administraci\u00f3n continua de fluidos y medicaci\u00f3n durante todo el ciclo de atenci\u00f3n en Resonancia Magn\u00e9tica. Su dise\u00f1o no magn\u00e9tico asegura un funcionamiento seguro en campos magn\u00e9ticos extremadamente fuertes, eliminando la necesidad de las soluciones alternativas que [&hellip;]<\/p>\n","protected":false},"featured_media":2820,"comment_status":"open","ping_status":"closed","template":"","meta":[],"product_cat":[55],"product_tag":[],"class_list":{"0":"post-2816","1":"product","2":"type-product","3":"status-publish","4":"has-post-thumbnail","6":"product_cat-accesorios-para-resonancia-magnetica","8":"first","9":"instock","10":"shipping-taxable","11":"product-type-simple"},"_links":{"self":[{"href":"https:\/\/blank.net.do\/globalmedica\/es\/wp-json\/wp\/v2\/product\/2816","targetHints":{"allow":["GET"]}}],"collection":[{"href":"https:\/\/blank.net.do\/globalmedica\/es\/wp-json\/wp\/v2\/product"}],"about":[{"href":"https:\/\/blank.net.do\/globalmedica\/es\/wp-json\/wp\/v2\/types\/product"}],"replies":[{"embeddable":true,"href":"https:\/\/blank.net.do\/globalmedica\/es\/wp-json\/wp\/v2\/comments?post=2816"}],"wp:featuredmedia":[{"embeddable":true,"href":"https:\/\/blank.net.do\/globalmedica\/es\/wp-json\/wp\/v2\/media\/2820"}],"wp:attachment":[{"href":"https:\/\/blank.net.do\/globalmedica\/es\/wp-json\/wp\/v2\/media?parent=2816"}],"wp:term":[{"taxonomy":"product_cat","embeddable":true,"href":"https:\/\/blank.net.do\/globalmedica\/es\/wp-json\/wp\/v2\/product_cat?post=2816"},{"taxonomy":"product_tag","embeddable":true,"href":"https:\/\/blank.net.do\/globalmedica\/es\/wp-json\/wp\/v2\/product_tag?post=2816"}],"curies":[{"name":"wp","href":"https:\/\/api.w.org\/{rel}","templated":true}]}}