{"id":2817,"date":"2025-01-28T01:20:54","date_gmt":"2025-01-28T01:20:54","guid":{"rendered":"https:\/\/blank.net.do\/globalmedica\/?post_type=product&#038;p=2817"},"modified":"2025-01-28T01:32:37","modified_gmt":"2025-01-28T01:32:37","slug":"fmd-smart-mri-detector-de-metales-ferromagneticos-dmf","status":"publish","type":"product","link":"https:\/\/blank.net.do\/globalmedica\/es\/product\/fmd-smart-mri-detector-de-metales-ferromagneticos-dmf\/","title":{"rendered":"FMD Smart MRI Detector de Metales Ferromagn\u00e9ticos (DMF)"},"content":{"rendered":"<p><span style=\"font-weight: 400;\">El IRadimed FMD con RALU es el \u00daNICO dispositivo de detecci\u00f3n ferromagn\u00e9tica que incorpora la tecnolog\u00eda de detecci\u00f3n de amenazas Trusense. Esta innovadora tecnolog\u00eda reduce significativamente las falsas alarmas, un problema com\u00fan con otras marcas de FMD, ayudando a prevenir la fatiga de alarma y mejorando la seguridad y eficiencia del entorno de trabajo.<\/span><span style=\"font-weight: 400;\"><br \/>\n<\/span><span style=\"font-weight: 400;\"><br \/>\n<\/span><span style=\"font-weight: 400;\">El FMD IRadimed se adapta de manera continua a su entorno, utilizando sensores avanzados de alta sensibilidad que permiten identificar amenazas magn\u00e9ticas reales.<\/span><\/p>\n","protected":false},"excerpt":{"rendered":"<p>El IRadimed FMD con RALU es el \u00daNICO dispositivo de detecci\u00f3n ferromagn\u00e9tica que incorpora la tecnolog\u00eda de detecci\u00f3n de amenazas Trusense. Esta innovadora tecnolog\u00eda reduce significativamente las falsas alarmas, un problema com\u00fan con otras marcas de FMD, ayudando a prevenir la fatiga de alarma y mejorando la seguridad y eficiencia del entorno de trabajo. El [&hellip;]<\/p>\n","protected":false},"featured_media":2821,"comment_status":"open","ping_status":"closed","template":"","meta":[],"product_cat":[55],"product_tag":[],"class_list":{"0":"post-2817","1":"product","2":"type-product","3":"status-publish","4":"has-post-thumbnail","6":"product_cat-accesorios-para-resonancia-magnetica","8":"first","9":"instock","10":"shipping-taxable","11":"product-type-simple"},"_links":{"self":[{"href":"https:\/\/blank.net.do\/globalmedica\/es\/wp-json\/wp\/v2\/product\/2817","targetHints":{"allow":["GET"]}}],"collection":[{"href":"https:\/\/blank.net.do\/globalmedica\/es\/wp-json\/wp\/v2\/product"}],"about":[{"href":"https:\/\/blank.net.do\/globalmedica\/es\/wp-json\/wp\/v2\/types\/product"}],"replies":[{"embeddable":true,"href":"https:\/\/blank.net.do\/globalmedica\/es\/wp-json\/wp\/v2\/comments?post=2817"}],"wp:featuredmedia":[{"embeddable":true,"href":"https:\/\/blank.net.do\/globalmedica\/es\/wp-json\/wp\/v2\/media\/2821"}],"wp:attachment":[{"href":"https:\/\/blank.net.do\/globalmedica\/es\/wp-json\/wp\/v2\/media?parent=2817"}],"wp:term":[{"taxonomy":"product_cat","embeddable":true,"href":"https:\/\/blank.net.do\/globalmedica\/es\/wp-json\/wp\/v2\/product_cat?post=2817"},{"taxonomy":"product_tag","embeddable":true,"href":"https:\/\/blank.net.do\/globalmedica\/es\/wp-json\/wp\/v2\/product_tag?post=2817"}],"curies":[{"name":"wp","href":"https:\/\/api.w.org\/{rel}","templated":true}]}}