{"id":2822,"date":"2025-01-28T01:38:11","date_gmt":"2025-01-28T01:38:11","guid":{"rendered":"https:\/\/blank.net.do\/globalmedica\/?post_type=product&#038;p=2822"},"modified":"2025-01-28T01:47:45","modified_gmt":"2025-01-28T01:47:45","slug":"blindaje-plomado-para-areas-protegidas","status":"publish","type":"product","link":"https:\/\/blank.net.do\/globalmedica\/es\/product\/blindaje-plomado-para-areas-protegidas\/","title":{"rendered":"Blindaje Plomado para \u00c1reas Protegidas"},"content":{"rendered":"<p><span style=\"font-weight: 400;\">Nuestros blindajes est\u00e1n dise\u00f1ados para cumplir con las necesidades espec\u00edficas de cada cliente, utilizando materiales de alta calidad que garantizan una protecci\u00f3n \u00f3ptima y una larga durabilidad. Dentro de nuestra gama de productos, ofrecemos:<\/span><\/p>\n<ul>\n<li style=\"font-weight: 400;\" aria-level=\"1\"><span style=\"font-weight: 400;\">Ventanas plomadas<\/span><\/li>\n<li style=\"font-weight: 400;\" aria-level=\"1\"><span style=\"font-weight: 400;\">Puertas plomadas<\/span><\/li>\n<\/ul>\n<p><span style=\"font-weight: 400;\">Cada uno de nuestros productos est\u00e1 fabricado para proporcionar seguridad y resistencia en entornos de alta exigencia.<\/span><\/p>\n<p>&nbsp;<\/p>\n","protected":false},"excerpt":{"rendered":"<p>Nuestros blindajes est\u00e1n dise\u00f1ados para cumplir con las necesidades espec\u00edficas de cada cliente, utilizando materiales de alta calidad que garantizan una protecci\u00f3n \u00f3ptima y una larga durabilidad. Dentro de nuestra gama de productos, ofrecemos: Ventanas plomadas Puertas plomadas Cada uno de nuestros productos est\u00e1 fabricado para proporcionar seguridad y resistencia en entornos de alta exigencia. [&hellip;]<\/p>\n","protected":false},"featured_media":2825,"comment_status":"open","ping_status":"closed","template":"","meta":[],"product_cat":[59],"product_tag":[],"class_list":{"0":"post-2822","1":"product","2":"type-product","3":"status-publish","4":"has-post-thumbnail","6":"product_cat-blindajes-contra-radioaciones","8":"first","9":"instock","10":"shipping-taxable","11":"product-type-simple"},"_links":{"self":[{"href":"https:\/\/blank.net.do\/globalmedica\/es\/wp-json\/wp\/v2\/product\/2822","targetHints":{"allow":["GET"]}}],"collection":[{"href":"https:\/\/blank.net.do\/globalmedica\/es\/wp-json\/wp\/v2\/product"}],"about":[{"href":"https:\/\/blank.net.do\/globalmedica\/es\/wp-json\/wp\/v2\/types\/product"}],"replies":[{"embeddable":true,"href":"https:\/\/blank.net.do\/globalmedica\/es\/wp-json\/wp\/v2\/comments?post=2822"}],"wp:featuredmedia":[{"embeddable":true,"href":"https:\/\/blank.net.do\/globalmedica\/es\/wp-json\/wp\/v2\/media\/2825"}],"wp:attachment":[{"href":"https:\/\/blank.net.do\/globalmedica\/es\/wp-json\/wp\/v2\/media?parent=2822"}],"wp:term":[{"taxonomy":"product_cat","embeddable":true,"href":"https:\/\/blank.net.do\/globalmedica\/es\/wp-json\/wp\/v2\/product_cat?post=2822"},{"taxonomy":"product_tag","embeddable":true,"href":"https:\/\/blank.net.do\/globalmedica\/es\/wp-json\/wp\/v2\/product_tag?post=2822"}],"curies":[{"name":"wp","href":"https:\/\/api.w.org\/{rel}","templated":true}]}}