{"id":2823,"date":"2025-01-28T01:38:13","date_gmt":"2025-01-28T01:38:13","guid":{"rendered":"https:\/\/blank.net.do\/globalmedica\/?post_type=product&#038;p=2823"},"modified":"2025-01-28T01:46:45","modified_gmt":"2025-01-28T01:46:45","slug":"proteccion-radiologica","status":"publish","type":"product","link":"https:\/\/blank.net.do\/globalmedica\/es\/product\/proteccion-radiologica\/","title":{"rendered":"Protecci\u00f3n Radiol\u00f3gica"},"content":{"rendered":"<p><b>Accesorios de Protecci\u00f3n Radiol\u00f3gica y Blindaje Plomado<\/b><b><br \/>\n<\/b><span style=\"font-weight: 400;\">Ofrecemos una amplia gama de accesorios dise\u00f1ados para garantizar la seguridad y protecci\u00f3n en entornos de radiolog\u00eda.\u00a0Entre nuestros accesorios destacados se incluyen:<\/span><b><\/b><\/p>\n<ul>\n<li aria-level=\"1\"><b>Delantales plomados<\/b><span style=\"font-weight: 400;\">: Ergonom\u00eda y protecci\u00f3n en diferentes niveles de plomo.<\/span><\/li>\n<\/ul>\n<ul>\n<li aria-level=\"1\"><b>Collares tiroideos<\/b><span style=\"font-weight: 400;\">: Protecci\u00f3n espec\u00edfica para la gl\u00e1ndula tiroides.<\/span><\/li>\n<\/ul>\n<ul>\n<li aria-level=\"1\"><b>Gafas plomadas<\/b><span style=\"font-weight: 400;\">: Prevenci\u00f3n de riesgos oculares por radiaci\u00f3n.<\/span><\/li>\n<\/ul>\n<ul>\n<li aria-level=\"1\"><b>Guantes plomados<\/b><span style=\"font-weight: 400;\">: Protecci\u00f3n para manos en procedimientos con contacto cercano.<\/span><\/li>\n<\/ul>\n<p>&nbsp;<\/p>\n","protected":false},"excerpt":{"rendered":"<p>Accesorios de Protecci\u00f3n Radiol\u00f3gica y Blindaje Plomado Ofrecemos una amplia gama de accesorios dise\u00f1ados para garantizar la seguridad y protecci\u00f3n en entornos de radiolog\u00eda.\u00a0Entre nuestros accesorios destacados se incluyen: Delantales plomados: Ergonom\u00eda y protecci\u00f3n en diferentes niveles de plomo. Collares tiroideos: Protecci\u00f3n espec\u00edfica para la gl\u00e1ndula tiroides. Gafas plomadas: Prevenci\u00f3n de riesgos oculares por radiaci\u00f3n. [&hellip;]<\/p>\n","protected":false},"featured_media":2824,"comment_status":"open","ping_status":"closed","template":"","meta":[],"product_cat":[59],"product_tag":[],"class_list":{"0":"post-2823","1":"product","2":"type-product","3":"status-publish","4":"has-post-thumbnail","6":"product_cat-blindajes-contra-radioaciones","8":"first","9":"instock","10":"shipping-taxable","11":"product-type-simple"},"_links":{"self":[{"href":"https:\/\/blank.net.do\/globalmedica\/es\/wp-json\/wp\/v2\/product\/2823","targetHints":{"allow":["GET"]}}],"collection":[{"href":"https:\/\/blank.net.do\/globalmedica\/es\/wp-json\/wp\/v2\/product"}],"about":[{"href":"https:\/\/blank.net.do\/globalmedica\/es\/wp-json\/wp\/v2\/types\/product"}],"replies":[{"embeddable":true,"href":"https:\/\/blank.net.do\/globalmedica\/es\/wp-json\/wp\/v2\/comments?post=2823"}],"wp:featuredmedia":[{"embeddable":true,"href":"https:\/\/blank.net.do\/globalmedica\/es\/wp-json\/wp\/v2\/media\/2824"}],"wp:attachment":[{"href":"https:\/\/blank.net.do\/globalmedica\/es\/wp-json\/wp\/v2\/media?parent=2823"}],"wp:term":[{"taxonomy":"product_cat","embeddable":true,"href":"https:\/\/blank.net.do\/globalmedica\/es\/wp-json\/wp\/v2\/product_cat?post=2823"},{"taxonomy":"product_tag","embeddable":true,"href":"https:\/\/blank.net.do\/globalmedica\/es\/wp-json\/wp\/v2\/product_tag?post=2823"}],"curies":[{"name":"wp","href":"https:\/\/api.w.org\/{rel}","templated":true}]}}