{"id":2826,"date":"2025-01-28T07:30:44","date_gmt":"2025-01-28T07:30:44","guid":{"rendered":"https:\/\/blank.net.do\/globalmedica\/?post_type=product&#038;p=2826"},"modified":"2025-01-28T07:33:39","modified_gmt":"2025-01-28T07:33:39","slug":"accesorios-de-inmovilizacion-para-radioterapia","status":"publish","type":"product","link":"https:\/\/blank.net.do\/globalmedica\/es\/product\/accesorios-de-inmovilizacion-para-radioterapia\/","title":{"rendered":"Accesorios de inmovilizaci\u00f3n para Radioterapia"},"content":{"rendered":"<p><b>Beneficios clave:<\/b><\/p>\n<ul>\n<li aria-level=\"1\"><b>Precisi\u00f3n<\/b><span style=\"font-weight: 400;\">: Aseguran un posicionamiento exacto del paciente para optimizar los resultados del tratamiento.<\/span><\/li>\n<\/ul>\n<ul>\n<li aria-level=\"1\"><b>Comodidad<\/b><span style=\"font-weight: 400;\">: Dise\u00f1os adaptables a las caracter\u00edsticas individuales de cada paciente.<\/span><\/li>\n<\/ul>\n<ul>\n<li aria-level=\"1\"><b>Alta calidad<\/b><span style=\"font-weight: 400;\">: Fabricados con materiales duraderos y resistentes para un rendimiento constante.<\/span><\/li>\n<\/ul>\n<ul>\n<li aria-level=\"1\"><b>Versatilidad<\/b><span style=\"font-weight: 400;\">: Ideales para su uso en diferentes \u00e1reas de tratamiento, ofreciendo soluciones personalizadas.<\/span><\/li>\n<\/ul>\n<p><span style=\"font-weight: 400;\">Garantice tratamientos seguros y efectivos con nuestros inmovilizadores de radioterapia de alta calidad.<\/span><\/p>\n<p>&nbsp;<\/p>\n","protected":false},"excerpt":{"rendered":"<p><b>Inmovilizadores para Radioterapia<\/b><\/p>\n<p><span style=\"font-weight: 400;\">Nuestros inmovilizadores para radioterapia est\u00e1n dise\u00f1ados para garantizar tratamientos precisos, c\u00f3modos y seguros, mejorando la efectividad de cada sesi\u00f3n.<\/span><\/p>\n","protected":false},"featured_media":2827,"comment_status":"open","ping_status":"closed","template":"","meta":[],"product_cat":[65],"product_tag":[],"class_list":{"0":"post-2826","1":"product","2":"type-product","3":"status-publish","4":"has-post-thumbnail","6":"product_cat-accesorios-y-control-de-calidad-en-radioterapia","8":"first","9":"instock","10":"shipping-taxable","11":"product-type-simple"},"_links":{"self":[{"href":"https:\/\/blank.net.do\/globalmedica\/es\/wp-json\/wp\/v2\/product\/2826","targetHints":{"allow":["GET"]}}],"collection":[{"href":"https:\/\/blank.net.do\/globalmedica\/es\/wp-json\/wp\/v2\/product"}],"about":[{"href":"https:\/\/blank.net.do\/globalmedica\/es\/wp-json\/wp\/v2\/types\/product"}],"replies":[{"embeddable":true,"href":"https:\/\/blank.net.do\/globalmedica\/es\/wp-json\/wp\/v2\/comments?post=2826"}],"wp:featuredmedia":[{"embeddable":true,"href":"https:\/\/blank.net.do\/globalmedica\/es\/wp-json\/wp\/v2\/media\/2827"}],"wp:attachment":[{"href":"https:\/\/blank.net.do\/globalmedica\/es\/wp-json\/wp\/v2\/media?parent=2826"}],"wp:term":[{"taxonomy":"product_cat","embeddable":true,"href":"https:\/\/blank.net.do\/globalmedica\/es\/wp-json\/wp\/v2\/product_cat?post=2826"},{"taxonomy":"product_tag","embeddable":true,"href":"https:\/\/blank.net.do\/globalmedica\/es\/wp-json\/wp\/v2\/product_tag?post=2826"}],"curies":[{"name":"wp","href":"https:\/\/api.w.org\/{rel}","templated":true}]}}