{"id":875,"date":"2024-05-14T11:49:00","date_gmt":"2024-05-14T11:49:00","guid":{"rendered":"https:\/\/blank.net.do\/globalmedica\/?post_type=product&#038;p=875"},"modified":"2024-10-01T13:05:29","modified_gmt":"2024-10-01T13:05:29","slug":"discovery-igs-7","status":"publish","type":"product","link":"https:\/\/blank.net.do\/globalmedica\/es\/product\/discovery-igs-7\/","title":{"rendered":"Discovery IGS 7"},"content":{"rendered":"<div class=\"mdc-layout-grid__inner\">\n<div class=\"mdc-layout-grid__cell mdc-layout-grid__cell--span-12-desktop mdc-layout-grid__cell--span-8-tablet mdc-layout-grid__cell--hide-phone\">\n<div class=\"hero-teaser\">\n<div class=\"hero-teaser__main ge-rtf-module\">\n<p><strong>Redescubra el espacio y el movimiento.<\/strong><\/p>\n<p>El sistema de angiograf\u00eda Discovery\u2122 IGS 7 de GE Healthcare ofrece im\u00e1genes de alta calidad y total libertad en el espacio de trabajo del quir\u00f3fano h\u00edbrido.<\/p>\n<p>Su plataforma m\u00f3vil \u00fanica tiene la potencia de un sistema de adquisici\u00f3n de im\u00e1genes fijo a la mesa pero puede moverse a un lado para que los equipos multidisciplinares puedan completar los procedimientos con comodidad, sin obst\u00e1culos que los separen de los pacientes.<\/p>\n<p>Orientaci\u00f3n mediante im\u00e1genes, aplicaciones avanzadas y fusi\u00f3n de im\u00e1genes en 3D para fluoroscopia de alto nivel, todo ello equipado adem\u00e1s con un sofisticado gantry que hace trayectos predefinidos con una precisi\u00f3n guiada por l\u00e1ser.<\/p>\n<\/div>\n<\/div>\n<\/div>\n<\/div>\n<div class=\"hero-teaser\">\n<div class=\"hero-wrapper\">\n<div class=\"rah-static rah-static--height-auto\" aria-hidden=\"false\">\n<div class=\"hero-teaser__description ge-rtf-module\">\n<p>Con detectores con un tama\u00f1o medio \u00f3ptimo de 31 cm y el mayor campo de visi\u00f3n de 41 cm que pueden utilizarse en gran variedad de procedimientos quir\u00fargicos abiertos, endovasculares e h\u00edbridos, libres de las interferencias que presentan las estructuras fijas al suelo o al techo.<\/p>\n<p><strong>Con el sistema Discovery IGS 7:<\/strong><\/p>\n<ul>\n<li>Reconsidere sus posibilidades gracias a un movimiento predecible y a un mejor acceso al paciente.<\/li>\n<li>Reinvente su forma de trabajar gracias a im\u00e1genes de alta precisi\u00f3n.<\/li>\n<li>Reeval\u00fae sus opciones con diferentes posibilidades de distribuci\u00f3n.<\/li>\n<\/ul>\n<div class=\"ge-content-module__teaser\">\n<h2 class=\"ge-h2 ge-content-module__title\" role=\"heading\">Sistema<\/h2>\n<p><strong>Reconsidere sus posibilidades.<\/strong><\/p>\n<p>Con el gantry del Discovery\u2122 IGS 7, ning\u00fan obst\u00e1culo, en el techo o en el suelo, dificultar\u00e1 su trabajo o limitar\u00e1 su movilidad. Su libertad es casi total. Un gantry libre y guiado por l\u00e1ser incorpora el brazo C para la toma de im\u00e1genes. Puede aproximarlo a la mesa para obtener im\u00e1genes de cualquier parte anat\u00f3mica y despu\u00e9s retirarlo a posiciones predeterminadas precisas.<\/p>\n<\/div>\n<div class=\"rah-static rah-static--height-auto\" aria-hidden=\"false\">\n<div>\n<div class=\"ge-rtf ge-rtf-module ge-content-module__description-wrapper\">\n<div>\n<p><strong>El gantry m\u00f3vil da el control a los m\u00e9dicos.<\/strong><\/p>\n<p>El Discovery IGS 7 confiere total flexibilidad a su espacio cl\u00ednico. Los controles disponibles a un lado de la mesa y en la parte trasera del gantry le permiten manejar el sistema de manera f\u00e1cil y c\u00f3moda. Cuando est\u00e1 en posici\u00f3n para la toma de im\u00e1genes, el gantry rota alrededor de la mesa siguiendo una trayectoria predefinida, con precisi\u00f3n guiada por l\u00e1ser. Los movimientos combinados del gantry y de la mesa de quir\u00f3fano de GE le permiten detenerse y tomar una imagen en cualquier punto, para cubrir de pies a cabeza.<\/p>\n<\/div>\n<\/div>\n<\/div>\n<\/div>\n<div class=\"rah-static rah-static--height-auto\" aria-hidden=\"false\">\n<div class=\"ge-rtf ge-rtf-module ge-content-module__description-wrapper\">\n<div>\n<p><strong>El acercamiento y la retirada con un toque permite procedimientos totalmente flexibles.<\/strong><\/p>\n<p>Con el Discovery IGS 7, puede hacerlo de ambas formas: Acercar el gantry a la mesa para tomar im\u00e1genes y alejarlo cuando lo necesite con solo pulsar un bot\u00f3n. Desde las posiciones de la mesa, puede alejar el gantry a hasta once ubicaciones predefinidas<sup>1<\/sup>. Las distancias de retirada son personalizables para adaptarse a quir\u00f3fanos de diferentes tama\u00f1os.<\/p>\n<\/div>\n<div>\n<p><strong>Los equipos trabajan mejor sin obst\u00e1culos.<\/strong><\/p>\n<p>El Discovery IGS 7 deja espacio libre a m\u00e9dicos, enfermeras, anestesistas y t\u00e9cnicos para que trabajen juntos con eficacia. El personal cl\u00ednico puede colocarse a cualquier lado del paciente, seg\u00fan prefiera. Gracias al brazo C m\u00f3vil, el anestesista puede trabajar con comodidad en la cabecera del paciente.<\/p>\n<\/div>\n<div>\n<p><strong>La posibilidad de apartar el gantry garantiza la m\u00e1xima libertad.<\/strong><\/p>\n<p>Cuando no se necesita para tomar im\u00e1genes, puede apartar el gantry por completo; obtiene as\u00ed total acceso al paciente de nuevo y facilita la limpieza del quir\u00f3fano. Puede preconfigurar dos posiciones de aparcamiento en funci\u00f3n del tama\u00f1o y de la forma del quir\u00f3fano.<\/p>\n<\/div>\n<div>\n<p><strong>Un brazo C de gran di\u00e1metro ampl\u00eda sus opciones<\/strong><\/p>\n<p>Con un total de 129\u00a0cm (50\u00a0pulg.) de espacio entre el tubo y el detector, el Discovery IGS 7 cuenta con uno de los mayores di\u00e1metros de los principales proveedores de opciones de angiograf\u00eda. Permite adquirir im\u00e1genes 3D sin colisi\u00f3n, lo que facilita la obtenci\u00f3n de im\u00e1genes de pacientes de gran tama\u00f1o, as\u00ed como la adquisici\u00f3n mediante CT de haz c\u00f3nico, incluso en el caso de pacientes con los brazos bajados e intubados<sup>9<\/sup>.<\/p>\n<p><strong>Arco en C desfasado<\/strong><\/p>\n<p>Con el exclusivo desfase del arco en C, el sistema Discovery IGS 7 permite un mejor acceso a la cabeza del paciente en intervenciones complejas y ayuda a cubrir desde la cabeza hasta la regi\u00f3n inguinal sin tener que mover el gantry.<\/p>\n<p><strong>Un detector de dimensiones \u00f3ptimas a\u00f1ade versatilidad<\/strong><\/p>\n<p>Con el detector de 31 x 31 cm (12,2 pulg.), el dise\u00f1o del sistema Discovery IGS 7 ofrece cobertura \u00f3ptima a una amplia gama de procedimientos cardiovasculares e intervencionistas. Puede realizar angulaciones pronunciadas para procedimientos card\u00edacos, sin comprometer la cobertura del detector en procedimientos vasculares perif\u00e9ricos.<br \/>\nCon su amplio detector de 41\u00a0x\u00a041\u00a0cm (16,1\u00a0pulg.), el sistema Discovery IGS 7 dispone de uno de los mayores campos de visi\u00f3n para adquisiciones de im\u00e1genes para intervenciones.<\/p>\n<p><strong>Controles simples, centralizados y automatizados<\/strong><\/p>\n<p>Manipule su sistema y sus im\u00e1genes con controles integrados e intuitivos situados en su mesa. Con men\u00fas sencillos, la pantalla t\u00e1ctil de Central le permite controlar la mayor\u00eda de las funciones de su sistema, configurar el sistema, modificar los par\u00e1metros de adquisici\u00f3n de im\u00e1genes, controlar el monitor de pantalla grande3 y manipular aplicaciones avanzadas, todo desde su mesa. La rueda de control c\u00f3moda y f\u00e1cil de agarrar facilita la realizaci\u00f3n de panor\u00e1micas de la mesa, la colocaci\u00f3n del gantry y la realizaci\u00f3n de procedimientos.<\/p>\n<\/div>\n<\/div>\n<\/div>\n<\/div>\n<div class=\"hero-teaser__description ge-rtf-module\">\n<div class=\"rah-static rah-static--height-auto\" aria-hidden=\"false\">\n<div class=\"ge-rtf ge-rtf-module ge-content-module__description-wrapper\">\n<h2 class=\"ge-h2 ge-content-module__title\" role=\"heading\">Imagen<\/h2>\n<div class=\"rah-static rah-static--height-auto ge-s-curve__title-description-wrapper ge-s-curve__title-description-wrapper--expanded\" aria-hidden=\"false\">\n<h4 class=\"ge-s-curve__item-title -text--bold\">Dise\u00f1o con menor dosis<\/h4>\n<div class=\"ge-rtf-module ge-s-curve__description\">\n<div>GE dise\u00f1a sus sistemas a partir de la cadena de procesos de adquisici\u00f3n de im\u00e1genes de GE probada y fiable, optimizada para proporcionar la claridad de imagen que necesita al tiempo que se mantiene la dosis m\u00e1s baja posible. Nuestras funciones de reducci\u00f3n de dosis le permiten optimizar y personalizar f\u00e1cilmente los ajustes de dosis desde su mesa, al tiempo que se mantienen los detalles cl\u00ednicos que necesita para tomar decisiones fundadas. Sin embargo, la mejora de la gesti\u00f3n de dosis requiere una estrategia, que denominamos GE Blueprint, que incluye tecnolog\u00edas de adquisici\u00f3n de im\u00e1genes con dosis bajas para procedimientos m\u00ednimamente invasivos, pero tambi\u00e9n toma en cuenta las personas, la cultura y los procesos que las rodean.<\/div>\n<\/div>\n<div>\n<div class=\"ge-s-curve__content\">\n<div class=\"rah-static rah-static--height-auto ge-s-curve__title-description-wrapper ge-s-curve__title-description-wrapper--expanded\" aria-hidden=\"false\">\n<h4 class=\"ge-s-curve__item-title -text--bold\">InnovaSense<\/h4>\n<div class=\"ge-rtf-module ge-s-curve__description\">\n<div>Tecnolog\u00eda de seguimiento del contorno de paciente avanzado que emplea un sensor capacitivo para evaluar el movimiento del gantry y seleccionar la posici\u00f3n \u00f3ptima del receptor de la imagen con respecto al paciente.<\/div>\n<div>\n<h4 class=\"ge-s-curve__item-title -text--bold\">DoseMap<\/h4>\n<div class=\"ge-rtf-module ge-s-curve__description\">\n<div>Visualizaci\u00f3n de la distribuci\u00f3n de la dosis local estimada acumulada durante todo el examen, as\u00ed como la proyecci\u00f3n actual del haz. Alertas en umbrales de dosis configurables<sup>3<\/sup>.<\/div>\n<div>\n<h2 class=\"ge-h2 ge-content-module__title\" role=\"heading\">Aplicaciones<\/h2>\n<div class=\"rah-static rah-static--height-auto ge-s-curve__title-description-wrapper ge-s-curve__title-description-wrapper--expanded\" aria-hidden=\"false\">\n<h4 class=\"ge-s-curve__item-title -text--bold\">3DCT HD<\/h4>\n<div class=\"ge-rtf-module ge-s-curve__description\">\n<div>3DCT HD proporciona im\u00e1genes con detalle de forma simult\u00e1nea en secciones transversales y representaciones de vol\u00famenes que le ayudan a visualizar con claridad vasos, dispositivos peque\u00f1os y tejidos blandos<sup>4<\/sup>.<br \/>\nLos par\u00e1metros de adquisici\u00f3n espec\u00edficos y los algoritmos de reducci\u00f3n autom\u00e1tica de artefactos pueden mejorar la calidad de la imagen y aumentar su confianza cl\u00ednica para cada aplicaci\u00f3n.<br \/>\n3DCT HD MAR reduce los artefactos de rayas inducidos por la presencia de peque\u00f1os dispositivos met\u00e1licos como bobinas o grapas en el campo de visi\u00f3n tridimensional<sup>8<\/sup>.<br \/>\n3DCT HD Motion Freeze est\u00e1 concebido para reducir artefactos causados por el movimiento respiratorio involuntario durante la adquisici\u00f3n rotativa y recuperar peque\u00f1os detalles visuales afectados por el movimiento<sup>8<\/sup>.<\/div>\n<div>\n<h4 class=\"ge-s-curve__item-title -text--bold\">InnovaSpin<\/h4>\n<div class=\"ge-rtf-module ge-s-curve__description\">\n<div>El brazo en C m\u00f3vil permite realizar una angiograf\u00eda rotacional de esp\u00edn r\u00e1pido con un alcance m\u00e1ximo de 200\u00b0 a velocidades variables, desde 20\u00b0 a 40\u00b0\/s (velocidad m\u00e1xima de 30\u00b0\/s de OAI a OAD), con angulaciones oblicuas craneocaudales flexibles. Las trayectorias mejoradas de InnovaSpin<sup>TM<\/sup>\u00a0no est\u00e1n limitadas a un \u00fanico plano transversal y se pueden utilizar en angulaciones oblicuas con limitaciones f\u00edsicas<sup>3<\/sup>.<\/div>\n<div>\n<h4 class=\"ge-s-curve__item-title -text--bold\">Innova Breeze<\/h4>\n<div class=\"ge-rtf-module ge-s-curve__description\">\n<div>Siga el bolo de contraste en im\u00e1genes sustra\u00eddas en tiempo real mediante el control de velocidad panor\u00e1mica variable, con un flujo de trabajo sencillo.<br \/>\nPegado de im\u00e1genes para visualizar el seguimiento completo del bolo sustra\u00eddo en una sola imagen<sup>5<\/sup>.<\/div>\n<div>\n<h2 class=\"ge-h2 ge-content-module__title\" role=\"heading\">Soluciones para quir\u00f3fano<\/h2>\n<div class=\"rah-static rah-static--height-auto\" aria-hidden=\"false\">\n<div class=\"ge-rtf ge-rtf-module ge-content-module__description-wrapper\">\n<p><strong>Reeval\u00fae sus opciones<\/strong><\/p>\n<p>Aproveche su valioso espacio gracias a los dise\u00f1os flexibles para quir\u00f3fano. Convierta su quir\u00f3fano en un quir\u00f3fano h\u00edbrido completamente funcional, reorganice un quir\u00f3fano peque\u00f1o o d\u00e9 un nuevo uso a un quir\u00f3fano existente. Puede instalar el Discovery IGS 7 en quir\u00f3fanos de tan s\u00f3lo 35\u00a0metros cuadrados (377\u00a0pies cuadrados)<sup>6<\/sup>. Podr\u00e1 intercalar diferentes procedimientos en un mismo quir\u00f3fano con un equipo excepcional que permite realizar procedimientos m\u00ednimamente invasivos.<\/p>\n<div>\n<p><strong>Su dise\u00f1o sin suspensi\u00f3n elimina una fuente de contaminaci\u00f3n<\/strong><\/p>\n<p>El gantry m\u00f3vil elimina cualquier elemento en suspensi\u00f3n del techo, lo que previene la contaminaci\u00f3n procedente de agentes de transmisi\u00f3n a\u00e9rea. Permite la presencia de flujo laminar sobre el campo quir\u00fargico incluso cuando est\u00e1 en posici\u00f3n para la adquisici\u00f3n de im\u00e1genes, lo que contribuye al cumplimiento de los criterios establecidos por la clasificaci\u00f3n ISO 5<sup>7<\/sup>.<\/p>\n<\/div>\n<div>\n<p><strong>Las fundas est\u00e9riles a\u00f1aden protecci\u00f3n<\/strong><\/p>\n<p>El detector y el tubo pueden cubrirse f\u00e1cilmente con fundas est\u00e9riles especialmente dise\u00f1adas para no interferir en los movimientos de ning\u00fan gantry o detector. Las fundas est\u00e9riles se acoplan f\u00e1cil y r\u00e1pidamente dentro del brazo C mediante cuatro cierres en los laterales<sup>3<\/sup>.<\/p>\n<\/div>\n<div>\n<p><strong>Mesa de quir\u00f3fano de GE destinada a procedimientos endovasculares o abiertos<\/strong><\/p>\n<p>Un tablero flotante largo (333 cm) con movimiento asistido facilita la adquisici\u00f3n de im\u00e1genes panor\u00e1micas de pacientes pesados gracias al movimiento longitudinal de 170 cm de su mesa que acomoda cat\u00e9teres largos. La mesa quir\u00fargica con cubiertas e interfaz de usuario en los laterales est\u00e1 dise\u00f1ada espec\u00edficamente para alcanzar el nivel IPX4. Los ra\u00edles desmontables pueden instalarse durante el procedimiento deslizando el manguito por la tabla para acomodar los retractores y otros accesorios quir\u00fargicos o de confort<sup>3<\/sup>.<\/p>\n<\/div>\n<\/div>\n<\/div>\n<\/div>\n<\/div>\n<\/div>\n<\/div>\n<\/div>\n<\/div>\n<\/div>\n<\/div>\n<\/div>\n<\/div>\n<\/div>\n<\/div>\n<\/div>\n<\/div>\n<\/div>\n<\/div>\n<\/div>\n<\/div>\n<\/div>\n<\/div>\n<\/div>\n","protected":false},"excerpt":{"rendered":"<p>El sistema de angiograf\u00eda Discovery\u2122 IGS 7 de GE Healthcare ofrece im\u00e1genes de alta calidad y total libertad en el espacio de trabajo del quir\u00f3fano h\u00edbrido.<\/p>\n","protected":false},"featured_media":2622,"comment_status":"open","ping_status":"closed","template":"","meta":[],"product_cat":[20],"product_tag":[],"class_list":{"0":"post-875","1":"product","2":"type-product","3":"status-publish","4":"has-post-thumbnail","6":"product_cat-f-angiografia","8":"first","9":"instock","10":"shipping-taxable","11":"purchasable","12":"product-type-simple"},"_links":{"self":[{"href":"https:\/\/blank.net.do\/globalmedica\/es\/wp-json\/wp\/v2\/product\/875","targetHints":{"allow":["GET"]}}],"collection":[{"href":"https:\/\/blank.net.do\/globalmedica\/es\/wp-json\/wp\/v2\/product"}],"about":[{"href":"https:\/\/blank.net.do\/globalmedica\/es\/wp-json\/wp\/v2\/types\/product"}],"replies":[{"embeddable":true,"href":"https:\/\/blank.net.do\/globalmedica\/es\/wp-json\/wp\/v2\/comments?post=875"}],"wp:featuredmedia":[{"embeddable":true,"href":"https:\/\/blank.net.do\/globalmedica\/es\/wp-json\/wp\/v2\/media\/2622"}],"wp:attachment":[{"href":"https:\/\/blank.net.do\/globalmedica\/es\/wp-json\/wp\/v2\/media?parent=875"}],"wp:term":[{"taxonomy":"product_cat","embeddable":true,"href":"https:\/\/blank.net.do\/globalmedica\/es\/wp-json\/wp\/v2\/product_cat?post=875"},{"taxonomy":"product_tag","embeddable":true,"href":"https:\/\/blank.net.do\/globalmedica\/es\/wp-json\/wp\/v2\/product_tag?post=875"}],"curies":[{"name":"wp","href":"https:\/\/api.w.org\/{rel}","templated":true}]}}